{"id":1023,"date":"2020-09-22T03:28:53","date_gmt":"2020-09-22T03:28:53","guid":{"rendered":"http:\/\/wpdemo.archiwp.com\/maxbizz\/?page_id=1023"},"modified":"2023-10-08T08:35:45","modified_gmt":"2023-10-08T08:35:45","slug":"home","status":"publish","type":"page","link":"https:\/\/sanat-de.com\/de\/","title":{"rendered":"Home"},"content":{"rendered":"<div data-elementor-type=\"wp-page\" data-elementor-id=\"1023\" class=\"elementor elementor-1023\" data-elementor-settings=\"[]\">\n\t\t\t\t\t\t\t<div class=\"elementor-section-wrap\">\n\t\t\t\t\t\t\t<section class=\"elementor-section elementor-top-section elementor-element elementor-element-cf8e09e elementor-section-full_width elementor-section-stretched elementor-section-height-default elementor-section-height-default\" data-id=\"cf8e09e\" data-element_type=\"section\" data-settings=\"{&quot;stretch_section&quot;:&quot;section-stretched&quot;}\">\n\t\t\t\t\t\t<div class=\"elementor-container elementor-column-gap-default\">\n\t\t\t\t\t<div class=\"elementor-column elementor-col-100 elementor-top-column elementor-element elementor-element-d6847e7 ot-flex-column-vertical\" data-id=\"d6847e7\" data-element_type=\"column\">\n\t\t\t<div class=\"elementor-widget-wrap elementor-element-populated\">\n\t\t\t\t\t\t\t\t<div class=\"elementor-element elementor-element-2014544 elementor-widget elementor-widget-image\" data-id=\"2014544\" data-element_type=\"widget\" data-widget_type=\"image.default\">\n\t\t\t\t<div class=\"elementor-widget-container\">\n\t\t\t\t\t\t\t\t\t\t\t\t\t\t\t<img loading=\"lazy\" width=\"1809\" height=\"931\" src=\"https:\/\/sanat-de.com\/wp-content\/uploads\/2023\/10\/Sanat-De-Office.jpg\" class=\"attachment-full size-full\" alt=\"Sanat De Office\" decoding=\"async\" srcset=\"https:\/\/sanat-de.com\/wp-content\/uploads\/2023\/10\/Sanat-De-Office.jpg 1809w, https:\/\/sanat-de.com\/wp-content\/uploads\/2023\/10\/Sanat-De-Office-300x154.jpg 300w, https:\/\/sanat-de.com\/wp-content\/uploads\/2023\/10\/Sanat-De-Office-1024x527.jpg 1024w, https:\/\/sanat-de.com\/wp-content\/uploads\/2023\/10\/Sanat-De-Office-768x395.jpg 768w, https:\/\/sanat-de.com\/wp-content\/uploads\/2023\/10\/Sanat-De-Office-1536x791.jpg 1536w, https:\/\/sanat-de.com\/wp-content\/uploads\/2023\/10\/Sanat-De-Office-18x9.jpg 18w\" sizes=\"(max-width: 1809px) 100vw, 1809px\" \/>\t\t\t\t\t\t\t\t\t\t\t\t\t\t\t<\/div>\n\t\t\t\t<\/div>\n\t\t\t\t\t<\/div>\n\t\t<\/div>\n\t\t\t\t\t\t\t<\/div>\n\t\t<\/section>\n\t\t\t\t<section class=\"elementor-section elementor-top-section elementor-element elementor-element-eb053ec elementor-section-boxed elementor-section-height-default elementor-section-height-default\" data-id=\"eb053ec\" data-element_type=\"section\">\n\t\t\t\t\t\t<div class=\"elementor-container elementor-column-gap-default\">\n\t\t\t\t\t<div class=\"elementor-column elementor-col-100 elementor-top-column elementor-element elementor-element-bc1c6ab ot-flex-column-vertical\" data-id=\"bc1c6ab\" data-element_type=\"column\">\n\t\t\t<div class=\"elementor-widget-wrap elementor-element-populated\">\n\t\t\t\t\t\t\t\t<div class=\"elementor-element elementor-element-1ea2071 elementor-widget elementor-widget-text-editor\" data-id=\"1ea2071\" data-element_type=\"widget\" data-widget_type=\"text-editor.default\">\n\t\t\t\t<div class=\"elementor-widget-container\">\n\t\t\t\t\t\t\t\t<p>Wir stellen Ihnen SANAT vor, Ihr erstklassiger Ansprechpartner f\u00fcr alles, was mit Sanit\u00e4rprodukten zu tun hat. Wir sind auf die Zusammenstellung einer breiten Palette hochwertiger Badezimmeraccessoires spezialisiert, die Stil und Funktionalit\u00e4t nahtlos miteinander verbinden. Von eleganten Wasserh\u00e4hnen und modernen Duscharmaturen bis hin zu innovativen Aufbewahrungsl\u00f6sungen und luxuri\u00f6ser Badw\u00e4sche setzen wir uns daf\u00fcr ein, Ihr Badezimmer in eine pers\u00f6nliche Oase des Komforts und der \u00c4sthetik zu verwandeln. Wir bei SANAT wissen, dass die kleinsten Details den gr\u00f6\u00dften Unterschied machen k\u00f6nnen, und wir sind hier, um Ihnen dabei zu helfen, ein Badezimmer zu schaffen, das Ihren einzigartigen Geschmack widerspiegelt und Ihren Alltag bereichert. Entdecken Sie unsere Kollektion und entdecken Sie die perfekten Accessoires, um Ihr Badezimmererlebnis zu verbessern.<\/p>\t\t\t\t\t\t<\/div>\n\t\t\t\t<\/div>\n\t\t\t\t\t<\/div>\n\t\t<\/div>\n\t\t\t\t\t\t\t<\/div>\n\t\t<\/section>\n\t\t\t\t<section class=\"elementor-section elementor-top-section elementor-element elementor-element-85c5842 elementor-section-boxed elementor-section-height-default elementor-section-height-default\" data-id=\"85c5842\" data-element_type=\"section\">\n\t\t\t\t\t\t<div class=\"elementor-container elementor-column-gap-default\">\n\t\t\t\t\t<div class=\"elementor-column elementor-col-100 elementor-top-column elementor-element elementor-element-4a8ee44 ot-flex-column-vertical\" data-id=\"4a8ee44\" data-element_type=\"column\">\n\t\t\t<div class=\"elementor-widget-wrap elementor-element-populated\">\n\t\t\t\t\t\t\t\t<div class=\"elementor-element elementor-element-9f8b629 elementor-widget elementor-widget-iheading\" data-id=\"9f8b629\" data-element_type=\"widget\" data-widget_type=\"iheading.default\">\n\t\t\t\t<div class=\"elementor-widget-container\">\n\t\t\t\t\t<div class=\"ot-heading\">\r\n\t        \t        <h3 class=\"main-head\">Unsere Produkte<\/h3>\t    <\/div>\r\n\t    \t\t<\/div>\n\t\t\t\t<\/div>\n\t\t\t\t<section class=\"elementor-section elementor-inner-section elementor-element elementor-element-1ec137a elementor-section-full_width elementor-section-height-default elementor-section-height-default\" data-id=\"1ec137a\" data-element_type=\"section\">\n\t\t\t\t\t\t<div class=\"elementor-container elementor-column-gap-extended\">\n\t\t\t\t\t<div class=\"elementor-column elementor-col-33 elementor-inner-column elementor-element elementor-element-8ee457b ot-flex-column-vertical\" data-id=\"8ee457b\" data-element_type=\"column\">\n\t\t\t<div class=\"elementor-widget-wrap elementor-element-populated\">\n\t\t\t\t\t\t\t\t<div class=\"elementor-element elementor-element-14a4750 bline-yes hover-dark-yes elementor-widget elementor-widget-iiconbox1\" data-id=\"14a4750\" data-element_type=\"widget\" data-widget_type=\"iiconbox1.default\">\n\t\t\t\t<div class=\"elementor-widget-container\">\n\t\t\t\t\t<div class=\"icon-box icon-box-1\">\r\n\t\t\t<div class=\"icon-main\">\r\n\t\t\t\t<span class=\"circle-animate\"><\/span>\r\n\t\t    \t<i aria-hidden=\"true\" class=\"fas fa-bullseye\"><\/i>\t        <\/div>\r\n\t        <div class=\"content-box\">\r\n\t\t\t\t<h5 class=\"title-box\"><a href=\"https:\/\/sanat-de.com\/index.php\/our-products\/air-admittance-valves\/\">Air Admittance Valves<\/a><\/h5>\t\t\t\t\t\t\t<\/div>\r\n\t\t\t<div class=\"link-box\">\r\n        \t\t\t<a href=\"https:\/\/sanat-de.com\/index.php\/our-products\/air-admittance-valves\/\"class=\"link-details\"><i class=\"ot-flaticon-trajectory\"><\/i> Produkte ansehen<\/a>\r\n        \t\t<\/div>\t\r\n\t    <\/div>\r\n\t    \t\t<\/div>\n\t\t\t\t<\/div>\n\t\t\t\t\t<\/div>\n\t\t<\/div>\n\t\t\t\t<div class=\"elementor-column elementor-col-33 elementor-inner-column elementor-element elementor-element-86de743 ot-flex-column-vertical\" data-id=\"86de743\" data-element_type=\"column\">\n\t\t\t<div class=\"elementor-widget-wrap elementor-element-populated\">\n\t\t\t\t\t\t\t\t<div class=\"elementor-element elementor-element-15120b0 bline-yes hover-dark-yes elementor-widget elementor-widget-iiconbox1\" data-id=\"15120b0\" data-element_type=\"widget\" data-widget_type=\"iiconbox1.default\">\n\t\t\t\t<div class=\"elementor-widget-container\">\n\t\t\t\t\t<div class=\"icon-box icon-box-1\">\r\n\t\t\t<div class=\"icon-main\">\r\n\t\t\t\t<span class=\"circle-animate\"><\/span>\r\n\t\t    \t<i aria-hidden=\"true\" class=\"fas fa-bath\"><\/i>\t        <\/div>\r\n\t        <div class=\"content-box\">\r\n\t\t\t\t<h5 class=\"title-box\"><a href=\"https:\/\/sanat-de.com\/index.php\/our-products\/bathroom-accessories\/\">Bathroom Accesories<\/a><\/h5>\t\t\t\t\t\t\t<\/div>\r\n\t\t\t<div class=\"link-box\">\r\n        \t\t\t<a href=\"https:\/\/sanat-de.com\/index.php\/our-products\/bathroom-accessories\/\"class=\"link-details\"><i class=\"ot-flaticon-trajectory\"><\/i> Produkte ansehen<\/a>\r\n        \t\t<\/div>\t\r\n\t    <\/div>\r\n\t    \t\t<\/div>\n\t\t\t\t<\/div>\n\t\t\t\t\t<\/div>\n\t\t<\/div>\n\t\t\t\t<div class=\"elementor-column elementor-col-33 elementor-inner-column elementor-element elementor-element-9e16da1 elementor-hidden-tablet elementor-hidden-phone ot-flex-column-vertical\" data-id=\"9e16da1\" data-element_type=\"column\">\n\t\t\t<div class=\"elementor-widget-wrap elementor-element-populated\">\n\t\t\t\t\t\t\t\t<div class=\"elementor-element elementor-element-91010c3 bline-yes hover-dark-yes elementor-widget elementor-widget-iiconbox1\" data-id=\"91010c3\" data-element_type=\"widget\" data-widget_type=\"iiconbox1.default\">\n\t\t\t\t<div class=\"elementor-widget-container\">\n\t\t\t\t\t<div class=\"icon-box icon-box-1\">\r\n\t\t\t<div class=\"icon-main\">\r\n\t\t\t\t<span class=\"circle-animate\"><\/span>\r\n\t\t    \t<i aria-hidden=\"true\" class=\"fas fa-sink\"><\/i>\t        <\/div>\r\n\t        <div class=\"content-box\">\r\n\t\t\t\t<h5 class=\"title-box\"><a href=\"https:\/\/sanat-de.com\/index.php\/our-products\/sink-range\/\">Sink Range<\/a><\/h5>\t\t\t\t\t\t\t<\/div>\r\n\t\t\t<div class=\"link-box\">\r\n        \t\t\t<a href=\"https:\/\/sanat-de.com\/index.php\/our-products\/sink-range\/\"class=\"link-details\"><i class=\"ot-flaticon-trajectory\"><\/i> Produkte ansehen<\/a>\r\n        \t\t<\/div>\t\r\n\t    <\/div>\r\n\t    \t\t<\/div>\n\t\t\t\t<\/div>\n\t\t\t\t\t<\/div>\n\t\t<\/div>\n\t\t\t\t\t\t\t<\/div>\n\t\t<\/section>\n\t\t\t\t<section class=\"elementor-section elementor-inner-section elementor-element elementor-element-2b42a44 elementor-hidden-desktop elementor-section-full_width elementor-section-height-default elementor-section-height-default\" data-id=\"2b42a44\" data-element_type=\"section\">\n\t\t\t\t\t\t<div class=\"elementor-container elementor-column-gap-extended\">\n\t\t\t\t\t<div class=\"elementor-column elementor-col-33 elementor-inner-column elementor-element elementor-element-0279197 ot-flex-column-vertical\" data-id=\"0279197\" data-element_type=\"column\">\n\t\t\t<div class=\"elementor-widget-wrap elementor-element-populated\">\n\t\t\t\t\t\t\t\t<div class=\"elementor-element elementor-element-29e3ba0 bline-yes hover-dark-yes elementor-widget elementor-widget-iiconbox1\" data-id=\"29e3ba0\" data-element_type=\"widget\" data-widget_type=\"iiconbox1.default\">\n\t\t\t\t<div class=\"elementor-widget-container\">\n\t\t\t\t\t<div class=\"icon-box icon-box-1\">\r\n\t\t\t<div class=\"icon-main\">\r\n\t\t\t\t<span class=\"circle-animate\"><\/span>\r\n\t\t    \t<i aria-hidden=\"true\" class=\"fas fa-sink\"><\/i>\t        <\/div>\r\n\t        <div class=\"content-box\">\r\n\t\t\t\t<h5 class=\"title-box\"><a href=\"https:\/\/sanat-de.com\/index.php\/our-products\/sink-range\/\">Sink Range<\/a><\/h5>\t\t\t\t\t\t\t<\/div>\r\n\t\t\t<div class=\"link-box\">\r\n        \t\t\t<a href=\"https:\/\/sanat-de.com\/index.php\/our-products\/sink-range\/\"class=\"link-details\"><i class=\"ot-flaticon-trajectory\"><\/i> Produkte ansehen<\/a>\r\n        \t\t<\/div>\t\r\n\t    <\/div>\r\n\t    \t\t<\/div>\n\t\t\t\t<\/div>\n\t\t\t\t\t<\/div>\n\t\t<\/div>\n\t\t\t\t<div class=\"elementor-column elementor-col-33 elementor-inner-column elementor-element elementor-element-cdd613c ot-flex-column-vertical\" data-id=\"cdd613c\" data-element_type=\"column\">\n\t\t\t<div class=\"elementor-widget-wrap elementor-element-populated\">\n\t\t\t\t\t\t\t\t<div class=\"elementor-element elementor-element-d3aad66 bline-yes hover-dark-yes elementor-widget elementor-widget-iiconbox1\" data-id=\"d3aad66\" data-element_type=\"widget\" data-widget_type=\"iiconbox1.default\">\n\t\t\t\t<div class=\"elementor-widget-container\">\n\t\t\t\t\t<div class=\"icon-box icon-box-1\">\r\n\t\t\t<div class=\"icon-main\">\r\n\t\t\t\t<span class=\"circle-animate\"><\/span>\r\n\t\t    \t<i aria-hidden=\"true\" class=\"fas fa-chess-king\"><\/i>\t        <\/div>\r\n\t        <div class=\"content-box\">\r\n\t\t\t\t<h5 class=\"title-box\"><a href=\"https:\/\/sanat-de.com\/index.php\/our-products\/wc-products\/\">WC Products<\/a><\/h5>\t\t\t\t\t\t\t<\/div>\r\n\t\t\t<div class=\"link-box\">\r\n        \t\t\t<a href=\"https:\/\/sanat-de.com\/index.php\/our-products\/wc-products\/\"class=\"link-details\"><i class=\"ot-flaticon-trajectory\"><\/i> Produkte ansehen<\/a>\r\n        \t\t<\/div>\t\r\n\t    <\/div>\r\n\t    \t\t<\/div>\n\t\t\t\t<\/div>\n\t\t\t\t\t<\/div>\n\t\t<\/div>\n\t\t\t\t<div class=\"elementor-column elementor-col-33 elementor-inner-column elementor-element elementor-element-71f552d elementor-hidden-desktop elementor-hidden-tablet elementor-hidden-phone ot-flex-column-vertical\" data-id=\"71f552d\" data-element_type=\"column\">\n\t\t\t<div class=\"elementor-widget-wrap\">\n\t\t\t\t\t\t\t\t\t<\/div>\n\t\t<\/div>\n\t\t\t\t\t\t\t<\/div>\n\t\t<\/section>\n\t\t\t\t<section class=\"elementor-section elementor-inner-section elementor-element elementor-element-c7fe0ac elementor-section-full_width elementor-section-height-default elementor-section-height-default\" data-id=\"c7fe0ac\" data-element_type=\"section\" data-settings=\"{&quot;background_background&quot;:&quot;classic&quot;}\">\n\t\t\t\t\t\t<div class=\"elementor-container elementor-column-gap-extended\">\n\t\t\t\t\t<div class=\"elementor-column elementor-col-33 elementor-inner-column elementor-element elementor-element-101a8d4 elementor-hidden-tablet elementor-hidden-phone ot-flex-column-vertical\" data-id=\"101a8d4\" data-element_type=\"column\">\n\t\t\t<div class=\"elementor-widget-wrap elementor-element-populated\">\n\t\t\t\t\t\t\t\t<div class=\"elementor-element elementor-element-8bd3b0b bline-yes hover-dark-yes elementor-widget elementor-widget-iiconbox1\" data-id=\"8bd3b0b\" data-element_type=\"widget\" data-widget_type=\"iiconbox1.default\">\n\t\t\t\t<div class=\"elementor-widget-container\">\n\t\t\t\t\t<div class=\"icon-box icon-box-1\">\r\n\t\t\t<div class=\"icon-main\">\r\n\t\t\t\t<span class=\"circle-animate\"><\/span>\r\n\t\t    \t<i aria-hidden=\"true\" class=\"fas fa-chess-king\"><\/i>\t        <\/div>\r\n\t        <div class=\"content-box\">\r\n\t\t\t\t<h5 class=\"title-box\"><a href=\"https:\/\/sanat-de.com\/index.php\/our-products\/wc-products\/\">WC Products<\/a><\/h5>\t\t\t\t\t\t\t<\/div>\r\n\t\t\t<div class=\"link-box\">\r\n        \t\t\t<a href=\"https:\/\/sanat-de.com\/index.php\/our-products\/wc-products\/\"class=\"link-details\"><i class=\"ot-flaticon-trajectory\"><\/i> Produkte ansehen<\/a>\r\n        \t\t<\/div>\t\r\n\t    <\/div>\r\n\t    \t\t<\/div>\n\t\t\t\t<\/div>\n\t\t\t\t\t<\/div>\n\t\t<\/div>\n\t\t\t\t<div class=\"elementor-column elementor-col-33 elementor-inner-column elementor-element elementor-element-9bdc980 ot-flex-column-vertical\" data-id=\"9bdc980\" data-element_type=\"column\">\n\t\t\t<div class=\"elementor-widget-wrap elementor-element-populated\">\n\t\t\t\t\t\t\t\t<div class=\"elementor-element elementor-element-8576e12 bline-yes hover-dark-yes elementor-widget elementor-widget-iiconbox1\" data-id=\"8576e12\" data-element_type=\"widget\" data-widget_type=\"iiconbox1.default\">\n\t\t\t\t<div class=\"elementor-widget-container\">\n\t\t\t\t\t<div class=\"icon-box icon-box-1\">\r\n\t\t\t<div class=\"icon-main\">\r\n\t\t\t\t<span class=\"circle-animate\"><\/span>\r\n\t\t    \t<i aria-hidden=\"true\" class=\"fas fa-cart-plus\"><\/i>\t        <\/div>\r\n\t        <div class=\"content-box\">\r\n\t\t\t\t<h5 class=\"title-box\"><a href=\"https:\/\/sanat-de.com\/index.php\/our-products\/new-products\/\">New products<\/a><\/h5>\t\t\t\t\t\t\t<\/div>\r\n\t\t\t<div class=\"link-box\">\r\n        \t\t\t<a href=\"https:\/\/sanat-de.com\/index.php\/our-products\/new-products\/\"class=\"link-details\"><i class=\"ot-flaticon-trajectory\"><\/i> Produkte ansehen<\/a>\r\n        \t\t<\/div>\t\r\n\t    <\/div>\r\n\t    \t\t<\/div>\n\t\t\t\t<\/div>\n\t\t\t\t\t<\/div>\n\t\t<\/div>\n\t\t\t\t<div class=\"elementor-column elementor-col-33 elementor-inner-column elementor-element elementor-element-a792cf8 elementor-hidden-tablet elementor-hidden-phone ot-flex-column-vertical\" data-id=\"a792cf8\" data-element_type=\"column\">\n\t\t\t<div class=\"elementor-widget-wrap\">\n\t\t\t\t\t\t\t\t\t<\/div>\n\t\t<\/div>\n\t\t\t\t\t\t\t<\/div>\n\t\t<\/section>\n\t\t\t\t\t<\/div>\n\t\t<\/div>\n\t\t\t\t\t\t\t<\/div>\n\t\t<\/section>\n\t\t\t\t<section class=\"elementor-section elementor-top-section elementor-element elementor-element-e61ca4d elementor-section-boxed elementor-section-height-default elementor-section-height-default\" data-id=\"e61ca4d\" data-element_type=\"section\">\n\t\t\t\t\t\t<div class=\"elementor-container elementor-column-gap-default\">\n\t\t\t\t\t<div class=\"elementor-column elementor-col-100 elementor-top-column elementor-element elementor-element-0b7ca58 ot-flex-column-vertical\" data-id=\"0b7ca58\" data-element_type=\"column\">\n\t\t\t<div class=\"elementor-widget-wrap elementor-element-populated\">\n\t\t\t\t\t\t\t\t<div class=\"elementor-element elementor-element-5b7b536 elementor-widget elementor-widget-text-editor\" data-id=\"5b7b536\" data-element_type=\"widget\" data-widget_type=\"text-editor.default\">\n\t\t\t\t<div class=\"elementor-widget-container\">\n\t\t\t\t\t\t\t\t<p>F\u00fcr Bestellungen und Anfragen schreiben Sie weiter: <span style=\"text-decoration: underline;\"><strong><a href=\"mailto:info@sanat-de.com\">info@sanat-de.com<\/a><\/strong><\/span><\/p><p>F\u00fcr technische Unterst\u00fctzung schreiben <span style=\"text-decoration: underline;\"><strong><a href=\"mailto:support@sanat-de.com\">support@sanat-de.com<\/a><\/strong><\/span><\/p>\t\t\t\t\t\t<\/div>\n\t\t\t\t<\/div>\n\t\t\t\t\t<\/div>\n\t\t<\/div>\n\t\t\t\t\t\t\t<\/div>\n\t\t<\/section>\n\t\t\t\t\t\t<\/div>\n\t\t\t\t\t<\/div>","protected":false},"excerpt":{"rendered":"<p>Introducing SANAT, your premier destination for all things Sanitary Products. We specialize in curating a wide range of high-quality bathroom accessories that blend style and functionality seamlessly. From elegant faucets and modern shower fixtures to innovative storage solutions and luxurious bath linens, we&#8217;re dedicated to transforming your bathroom into a personal oasis of comfort and [&hellip;]<\/p>","protected":false},"author":1,"featured_media":0,"parent":0,"menu_order":0,"comment_status":"closed","ping_status":"closed","template":"","meta":{"om_disable_all_campaigns":false,"_monsterinsights_skip_tracking":false,"_monsterinsights_sitenote_active":false,"_monsterinsights_sitenote_note":"","_monsterinsights_sitenote_category":0,"footnotes":""},"_links":{"self":[{"href":"https:\/\/sanat-de.com\/de\/wp-json\/wp\/v2\/pages\/1023"}],"collection":[{"href":"https:\/\/sanat-de.com\/de\/wp-json\/wp\/v2\/pages"}],"about":[{"href":"https:\/\/sanat-de.com\/de\/wp-json\/wp\/v2\/types\/page"}],"author":[{"embeddable":true,"href":"https:\/\/sanat-de.com\/de\/wp-json\/wp\/v2\/users\/1"}],"replies":[{"embeddable":true,"href":"https:\/\/sanat-de.com\/de\/wp-json\/wp\/v2\/comments?post=1023"}],"version-history":[{"count":15,"href":"https:\/\/sanat-de.com\/de\/wp-json\/wp\/v2\/pages\/1023\/revisions"}],"predecessor-version":[{"id":2236,"href":"https:\/\/sanat-de.com\/de\/wp-json\/wp\/v2\/pages\/1023\/revisions\/2236"}],"wp:attachment":[{"href":"https:\/\/sanat-de.com\/de\/wp-json\/wp\/v2\/media?parent=1023"}],"curies":[{"name":"wp","href":"https:\/\/api.w.org\/{rel}","templated":true}]}}