{"id":1983,"date":"2023-10-07T06:44:56","date_gmt":"2023-10-07T06:44:56","guid":{"rendered":"https:\/\/sanat-de.com\/?page_id=1983"},"modified":"2023-10-07T09:36:56","modified_gmt":"2023-10-07T09:36:56","slug":"sanat-soap-dispenser","status":"publish","type":"page","link":"https:\/\/sanat-de.com\/de\/our-products\/bathroom-accessories\/sanat-soap-dispenser\/","title":{"rendered":"SANAT Soap Dispenser"},"content":{"rendered":"<div data-elementor-type=\"wp-page\" data-elementor-id=\"1983\" class=\"elementor elementor-1983\" data-elementor-settings=\"[]\">\n\t\t\t\t\t\t\t<div class=\"elementor-section-wrap\">\n\t\t\t\t\t\t\t<section class=\"elementor-section elementor-top-section elementor-element elementor-element-c555b31 elementor-section-boxed elementor-section-height-default elementor-section-height-default\" data-id=\"c555b31\" data-element_type=\"section\">\n\t\t\t\t\t\t<div class=\"elementor-container elementor-column-gap-default\">\n\t\t\t\t\t<div class=\"elementor-column elementor-col-100 elementor-top-column elementor-element elementor-element-2e05186 ot-flex-column-vertical\" data-id=\"2e05186\" data-element_type=\"column\">\n\t\t\t<div class=\"elementor-widget-wrap elementor-element-populated\">\n\t\t\t\t\t\t\t\t<section class=\"elementor-section elementor-inner-section elementor-element elementor-element-14fd15f elementor-section-full_width elementor-section-height-default elementor-section-height-default\" data-id=\"14fd15f\" data-element_type=\"section\">\n\t\t\t\t\t\t<div class=\"elementor-container elementor-column-gap-default\">\n\t\t\t\t\t<div class=\"elementor-column elementor-col-33 elementor-inner-column elementor-element elementor-element-b6f7951 elementor-hidden-phone ot-flex-column-vertical\" data-id=\"b6f7951\" data-element_type=\"column\">\n\t\t\t<div class=\"elementor-widget-wrap\">\n\t\t\t\t\t\t\t\t\t<\/div>\n\t\t<\/div>\n\t\t\t\t<div class=\"elementor-column elementor-col-33 elementor-inner-column elementor-element elementor-element-8f559e5 ot-flex-column-vertical\" data-id=\"8f559e5\" data-element_type=\"column\">\n\t\t\t<div class=\"elementor-widget-wrap elementor-element-populated\">\n\t\t\t\t\t\t\t\t<div class=\"elementor-element elementor-element-3cf0c20 elementor-widget elementor-widget-iheading\" data-id=\"3cf0c20\" data-element_type=\"widget\" data-widget_type=\"iheading.default\">\n\t\t\t\t<div class=\"elementor-widget-container\">\n\t\t\t\t\t<div class=\"ot-heading\">\r\n\t        <span class=\"is_highlight\">Bathroom Accessories<\/span>\t        <h3 class=\"main-head\">SANAT Soap dispenser 450ml<\/h3>\t    <\/div>\r\n\t    \t\t<\/div>\n\t\t\t\t<\/div>\n\t\t\t\t<div class=\"elementor-element elementor-element-f69f248 elementor-widget elementor-widget-text-editor\" data-id=\"f69f248\" data-element_type=\"widget\" data-widget_type=\"text-editor.default\">\n\t\t\t\t<div class=\"elementor-widget-container\">\n\t\t\t\t\t\t\t\t<p>Seifenspender Seifenspender und Pumpenkopf aus hochwertigem, verchromtem Messing\nBeh\u00e4lterk\u00f6rper aus Kunststoff, nachf\u00fcllbar, Einbaudurchmesser 25 mm, maximale Einbautiefe 30 mm, Fassungsverm\u00f6gen 0,45 l, verpackt im Karton<\/p>\t\t\t\t\t\t<\/div>\n\t\t\t\t<\/div>\n\t\t\t\t\t<\/div>\n\t\t<\/div>\n\t\t\t\t<div class=\"elementor-column elementor-col-33 elementor-inner-column elementor-element elementor-element-4fea310 elementor-hidden-phone ot-flex-column-vertical\" data-id=\"4fea310\" data-element_type=\"column\">\n\t\t\t<div class=\"elementor-widget-wrap\">\n\t\t\t\t\t\t\t\t\t<\/div>\n\t\t<\/div>\n\t\t\t\t\t\t\t<\/div>\n\t\t<\/section>\n\t\t\t\t<div class=\"elementor-element elementor-element-fc51eef elementor-widget elementor-widget-image-gallery\" data-id=\"fc51eef\" data-element_type=\"widget\" data-widget_type=\"image-gallery.default\">\n\t\t\t\t<div class=\"elementor-widget-container\">\n\t\t\t\t\t<div class=\"elementor-image-gallery\">\n\t\t\t<div id='gallery-1' class='gallery galleryid-1983 gallery-columns-2 gallery-size-medium'><figure class='gallery-item'>\n\t\t\t<div class='gallery-icon landscape'>\n\t\t\t\t<a data-elementor-open-lightbox=\"yes\" data-elementor-lightbox-slideshow=\"fc51eef\" data-elementor-lightbox-title=\"SANAT Soap Dispenser\" data-elementor-lightbox-description=\"SANAT Soap Dispenser\" href='https:\/\/sanat-de.com\/wp-content\/uploads\/2023\/10\/SANAT-Soap-Dispenser.png'><img width=\"300\" height=\"300\" src=\"https:\/\/sanat-de.com\/wp-content\/uploads\/2023\/10\/SANAT-Soap-Dispenser-300x300.png\" class=\"attachment-medium size-medium\" alt=\"SANAT Soap Dispenser\" decoding=\"async\" aria-describedby=\"gallery-1-1986\" loading=\"lazy\" srcset=\"https:\/\/sanat-de.com\/wp-content\/uploads\/2023\/10\/SANAT-Soap-Dispenser-300x300.png 300w, https:\/\/sanat-de.com\/wp-content\/uploads\/2023\/10\/SANAT-Soap-Dispenser-150x150.png 150w, https:\/\/sanat-de.com\/wp-content\/uploads\/2023\/10\/SANAT-Soap-Dispenser-12x12.png 12w, https:\/\/sanat-de.com\/wp-content\/uploads\/2023\/10\/SANAT-Soap-Dispenser.png 590w\" sizes=\"(max-width: 300px) 100vw, 300px\" \/><\/a>\n\t\t\t<\/div>\n\t\t\t\t<figcaption class='wp-caption-text gallery-caption' id='gallery-1-1986'>\n\t\t\t\tSANAT Soap Dispenser\n\t\t\t\t<\/figcaption><\/figure><figure class='gallery-item'>\n\t\t\t<div class='gallery-icon portrait'>\n\t\t\t\t<a data-elementor-open-lightbox=\"yes\" data-elementor-lightbox-slideshow=\"fc51eef\" data-elementor-lightbox-title=\"SANAT Soap Dispenser 1\" data-elementor-lightbox-description=\"SANAT Soap Dispenser\" href='https:\/\/sanat-de.com\/wp-content\/uploads\/2023\/10\/SANAT-Soap-Dispenser-1.png'><img width=\"166\" height=\"300\" src=\"https:\/\/sanat-de.com\/wp-content\/uploads\/2023\/10\/SANAT-Soap-Dispenser-1-166x300.png\" class=\"attachment-medium size-medium\" alt=\"SANAT Soap Dispenser\" decoding=\"async\" aria-describedby=\"gallery-1-1985\" loading=\"lazy\" srcset=\"https:\/\/sanat-de.com\/wp-content\/uploads\/2023\/10\/SANAT-Soap-Dispenser-1-166x300.png 166w, https:\/\/sanat-de.com\/wp-content\/uploads\/2023\/10\/SANAT-Soap-Dispenser-1-7x12.png 7w, https:\/\/sanat-de.com\/wp-content\/uploads\/2023\/10\/SANAT-Soap-Dispenser-1.png 267w\" sizes=\"(max-width: 166px) 100vw, 166px\" \/><\/a>\n\t\t\t<\/div>\n\t\t\t\t<figcaption class='wp-caption-text gallery-caption' id='gallery-1-1985'>\n\t\t\t\tSANAT Soap Dispenser\n\t\t\t\t<\/figcaption><\/figure>\n\t\t<\/div>\n\t\t<\/div>\n\t\t\t\t<\/div>\n\t\t\t\t<\/div>\n\t\t\t\t\t<\/div>\n\t\t<\/div>\n\t\t\t\t\t\t\t<\/div>\n\t\t<\/section>\n\t\t\t\t\t\t<\/div>\n\t\t\t\t\t<\/div>","protected":false},"excerpt":{"rendered":"<p>Bathroom Accessories SANAT Soap dispenser 450ml Soap dispenser Soap dispenser and pump head made of high-quality, chrome-plated brass container body made of plastic, refillable, installation diameter 25 mm, maximum installation depth 30 mm, capacity 0.45 l, packed in a box SANAT Soap Dispenser SANAT Soap Dispenser<\/p>","protected":false},"author":1,"featured_media":0,"parent":868,"menu_order":0,"comment_status":"closed","ping_status":"closed","template":"","meta":{"om_disable_all_campaigns":false,"_monsterinsights_skip_tracking":false,"_monsterinsights_sitenote_active":false,"_monsterinsights_sitenote_note":"","_monsterinsights_sitenote_category":0,"footnotes":""},"_links":{"self":[{"href":"https:\/\/sanat-de.com\/de\/wp-json\/wp\/v2\/pages\/1983"}],"collection":[{"href":"https:\/\/sanat-de.com\/de\/wp-json\/wp\/v2\/pages"}],"about":[{"href":"https:\/\/sanat-de.com\/de\/wp-json\/wp\/v2\/types\/page"}],"author":[{"embeddable":true,"href":"https:\/\/sanat-de.com\/de\/wp-json\/wp\/v2\/users\/1"}],"replies":[{"embeddable":true,"href":"https:\/\/sanat-de.com\/de\/wp-json\/wp\/v2\/comments?post=1983"}],"version-history":[{"count":8,"href":"https:\/\/sanat-de.com\/de\/wp-json\/wp\/v2\/pages\/1983\/revisions"}],"predecessor-version":[{"id":2161,"href":"https:\/\/sanat-de.com\/de\/wp-json\/wp\/v2\/pages\/1983\/revisions\/2161"}],"up":[{"embeddable":true,"href":"https:\/\/sanat-de.com\/de\/wp-json\/wp\/v2\/pages\/868"}],"wp:attachment":[{"href":"https:\/\/sanat-de.com\/de\/wp-json\/wp\/v2\/media?parent=1983"}],"curies":[{"name":"wp","href":"https:\/\/api.w.org\/{rel}","templated":true}]}}