{"id":2000,"date":"2023-10-07T06:58:43","date_gmt":"2023-10-07T06:58:43","guid":{"rendered":"https:\/\/sanat-de.com\/?page_id=2000"},"modified":"2023-10-07T09:55:42","modified_gmt":"2023-10-07T09:55:42","slug":"sanat-flush-bend","status":"publish","type":"page","link":"https:\/\/sanat-de.com\/de\/our-products\/wc-products\/sanat-flush-bend\/","title":{"rendered":"SANAT Flush Bend"},"content":{"rendered":"<div data-elementor-type=\"wp-page\" data-elementor-id=\"2000\" class=\"elementor elementor-2000\" data-elementor-settings=\"[]\">\n\t\t\t\t\t\t\t<div class=\"elementor-section-wrap\">\n\t\t\t\t\t\t\t<section class=\"elementor-section elementor-top-section elementor-element elementor-element-bf423a9 elementor-section-boxed elementor-section-height-default elementor-section-height-default\" data-id=\"bf423a9\" data-element_type=\"section\">\n\t\t\t\t\t\t<div class=\"elementor-container elementor-column-gap-default\">\n\t\t\t\t\t<div class=\"elementor-column elementor-col-100 elementor-top-column elementor-element elementor-element-f5002e9 ot-flex-column-vertical\" data-id=\"f5002e9\" data-element_type=\"column\">\n\t\t\t<div class=\"elementor-widget-wrap elementor-element-populated\">\n\t\t\t\t\t\t\t\t<section class=\"elementor-section elementor-inner-section elementor-element elementor-element-c8f4d90 elementor-section-full_width elementor-section-height-default elementor-section-height-default\" data-id=\"c8f4d90\" data-element_type=\"section\">\n\t\t\t\t\t\t<div class=\"elementor-container elementor-column-gap-default\">\n\t\t\t\t\t<div class=\"elementor-column elementor-col-33 elementor-inner-column elementor-element elementor-element-f39f119 elementor-hidden-phone ot-flex-column-vertical\" data-id=\"f39f119\" data-element_type=\"column\">\n\t\t\t<div class=\"elementor-widget-wrap\">\n\t\t\t\t\t\t\t\t\t<\/div>\n\t\t<\/div>\n\t\t\t\t<div class=\"elementor-column elementor-col-33 elementor-inner-column elementor-element elementor-element-d3c123d ot-flex-column-vertical\" data-id=\"d3c123d\" data-element_type=\"column\">\n\t\t\t<div class=\"elementor-widget-wrap elementor-element-populated\">\n\t\t\t\t\t\t\t\t<div class=\"elementor-element elementor-element-fe065db elementor-widget elementor-widget-iheading\" data-id=\"fe065db\" data-element_type=\"widget\" data-widget_type=\"iheading.default\">\n\t\t\t\t<div class=\"elementor-widget-container\">\n\t\t\t\t\t<div class=\"ot-heading\">\r\n\t        <span class=\"is_highlight\">WC Products<\/span>\t        <h3 class=\"main-head\">SANAT Flush bend d:50x44 200x210mm white<\/h3>\t    <\/div>\r\n\t    \t\t<\/div>\n\t\t\t\t<\/div>\n\t\t\t\t<div class=\"elementor-element elementor-element-0167065 elementor-widget elementor-widget-text-editor\" data-id=\"0167065\" data-element_type=\"widget\" data-widget_type=\"text-editor.default\">\n\t\t\t\t<div class=\"elementor-widget-container\">\n\t\t\t\t\t\t\t\t<p>Sp\u00fclrohrbogen d = 50 x 44 mm<br \/>PS, zum Kleben, Schenkell\u00e4nge (h)200 x (l)210 mm, f\u00fcr Tiefsp\u00fclk\u00e4sten, verpackt im Kunststoffbeutel<br \/><br \/><strong>Farbe:<\/strong> Alpinwei\u00df<\/p>\t\t\t\t\t\t<\/div>\n\t\t\t\t<\/div>\n\t\t\t\t\t<\/div>\n\t\t<\/div>\n\t\t\t\t<div class=\"elementor-column elementor-col-33 elementor-inner-column elementor-element elementor-element-963000d elementor-hidden-phone ot-flex-column-vertical\" data-id=\"963000d\" data-element_type=\"column\">\n\t\t\t<div class=\"elementor-widget-wrap\">\n\t\t\t\t\t\t\t\t\t<\/div>\n\t\t<\/div>\n\t\t\t\t\t\t\t<\/div>\n\t\t<\/section>\n\t\t\t\t<div class=\"elementor-element elementor-element-2e427f9 elementor-widget elementor-widget-image-gallery\" data-id=\"2e427f9\" data-element_type=\"widget\" data-widget_type=\"image-gallery.default\">\n\t\t\t\t<div class=\"elementor-widget-container\">\n\t\t\t\t\t<div class=\"elementor-image-gallery\">\n\t\t\t<div id='gallery-1' class='gallery galleryid-2000 gallery-columns-2 gallery-size-medium'><figure class='gallery-item'>\n\t\t\t<div class='gallery-icon landscape'>\n\t\t\t\t<a data-elementor-open-lightbox=\"yes\" data-elementor-lightbox-slideshow=\"2e427f9\" data-elementor-lightbox-title=\"SANAT Flush Bend\" data-elementor-lightbox-description=\"SANAT Flush Bend\" href='https:\/\/sanat-de.com\/wp-content\/uploads\/2023\/10\/SANAT-Flush-Bend.jpg'><img width=\"300\" height=\"300\" src=\"https:\/\/sanat-de.com\/wp-content\/uploads\/2023\/10\/SANAT-Flush-Bend-300x300.jpg\" class=\"attachment-medium size-medium\" alt=\"SANAT Flush Bend\" decoding=\"async\" loading=\"lazy\" srcset=\"https:\/\/sanat-de.com\/wp-content\/uploads\/2023\/10\/SANAT-Flush-Bend-300x300.jpg 300w, https:\/\/sanat-de.com\/wp-content\/uploads\/2023\/10\/SANAT-Flush-Bend-150x150.jpg 150w, https:\/\/sanat-de.com\/wp-content\/uploads\/2023\/10\/SANAT-Flush-Bend-12x12.jpg 12w, https:\/\/sanat-de.com\/wp-content\/uploads\/2023\/10\/SANAT-Flush-Bend.jpg 480w\" sizes=\"(max-width: 300px) 100vw, 300px\" \/><\/a>\n\t\t\t<\/div><\/figure><figure class='gallery-item'>\n\t\t\t<div class='gallery-icon landscape'>\n\t\t\t\t<a data-elementor-open-lightbox=\"yes\" data-elementor-lightbox-slideshow=\"2e427f9\" data-elementor-lightbox-title=\"SANAT Flush Bend\" data-elementor-lightbox-description=\"SANAT Flush Bend\" href='https:\/\/sanat-de.com\/wp-content\/uploads\/2023\/10\/SANAT-Flush-Bend-1.png'><img width=\"300\" height=\"243\" src=\"https:\/\/sanat-de.com\/wp-content\/uploads\/2023\/10\/SANAT-Flush-Bend-1-300x243.png\" class=\"attachment-medium size-medium\" alt=\"SANAT Flush Bend\" decoding=\"async\" loading=\"lazy\" srcset=\"https:\/\/sanat-de.com\/wp-content\/uploads\/2023\/10\/SANAT-Flush-Bend-1-300x243.png 300w, https:\/\/sanat-de.com\/wp-content\/uploads\/2023\/10\/SANAT-Flush-Bend-1-15x12.png 15w, https:\/\/sanat-de.com\/wp-content\/uploads\/2023\/10\/SANAT-Flush-Bend-1.png 507w\" sizes=\"(max-width: 300px) 100vw, 300px\" \/><\/a>\n\t\t\t<\/div><\/figure>\n\t\t<\/div>\n\t\t<\/div>\n\t\t\t\t<\/div>\n\t\t\t\t<\/div>\n\t\t\t\t\t<\/div>\n\t\t<\/div>\n\t\t\t\t\t\t\t<\/div>\n\t\t<\/section>\n\t\t\t\t\t\t<\/div>\n\t\t\t\t\t<\/div>","protected":false},"excerpt":{"rendered":"<p>WC Products SANAT Flush bend d:50&#215;44 200x210mm white Flush pipe bend d = 50 x 44 mmPS, for gluing, leg length (h)200 x (l)210 mm, for low-level cisterns, packed in a plastic bag Colour: alpine white<\/p>","protected":false},"author":1,"featured_media":0,"parent":898,"menu_order":0,"comment_status":"closed","ping_status":"closed","template":"","meta":{"om_disable_all_campaigns":false,"_monsterinsights_skip_tracking":false,"_monsterinsights_sitenote_active":false,"_monsterinsights_sitenote_note":"","_monsterinsights_sitenote_category":0,"footnotes":""},"_links":{"self":[{"href":"https:\/\/sanat-de.com\/de\/wp-json\/wp\/v2\/pages\/2000"}],"collection":[{"href":"https:\/\/sanat-de.com\/de\/wp-json\/wp\/v2\/pages"}],"about":[{"href":"https:\/\/sanat-de.com\/de\/wp-json\/wp\/v2\/types\/page"}],"author":[{"embeddable":true,"href":"https:\/\/sanat-de.com\/de\/wp-json\/wp\/v2\/users\/1"}],"replies":[{"embeddable":true,"href":"https:\/\/sanat-de.com\/de\/wp-json\/wp\/v2\/comments?post=2000"}],"version-history":[{"count":8,"href":"https:\/\/sanat-de.com\/de\/wp-json\/wp\/v2\/pages\/2000\/revisions"}],"predecessor-version":[{"id":2205,"href":"https:\/\/sanat-de.com\/de\/wp-json\/wp\/v2\/pages\/2000\/revisions\/2205"}],"up":[{"embeddable":true,"href":"https:\/\/sanat-de.com\/de\/wp-json\/wp\/v2\/pages\/898"}],"wp:attachment":[{"href":"https:\/\/sanat-de.com\/de\/wp-json\/wp\/v2\/media?parent=2000"}],"curies":[{"name":"wp","href":"https:\/\/api.w.org\/{rel}","templated":true}]}}