{"id":2007,"date":"2023-10-07T07:00:14","date_gmt":"2023-10-07T07:00:14","guid":{"rendered":"https:\/\/sanat-de.com\/?page_id=2007"},"modified":"2023-10-07T09:55:02","modified_gmt":"2023-10-07T09:55:02","slug":"sanat-flushing-cistern-u-928","status":"publish","type":"page","link":"https:\/\/sanat-de.com\/de\/our-products\/wc-products\/sanat-flushing-cistern-u-928\/","title":{"rendered":"SANAT Flushing Cistern U-928"},"content":{"rendered":"<div data-elementor-type=\"wp-page\" data-elementor-id=\"2007\" class=\"elementor elementor-2007\" data-elementor-settings=\"[]\">\n\t\t\t\t\t\t\t<div class=\"elementor-section-wrap\">\n\t\t\t\t\t\t\t<section class=\"elementor-section elementor-top-section elementor-element elementor-element-bf423a9 elementor-section-boxed elementor-section-height-default elementor-section-height-default\" data-id=\"bf423a9\" data-element_type=\"section\">\n\t\t\t\t\t\t<div class=\"elementor-container elementor-column-gap-default\">\n\t\t\t\t\t<div class=\"elementor-column elementor-col-100 elementor-top-column elementor-element elementor-element-f5002e9 ot-flex-column-vertical\" data-id=\"f5002e9\" data-element_type=\"column\">\n\t\t\t<div class=\"elementor-widget-wrap elementor-element-populated\">\n\t\t\t\t\t\t\t\t<section class=\"elementor-section elementor-inner-section elementor-element elementor-element-c8f4d90 elementor-section-full_width elementor-section-height-default elementor-section-height-default\" data-id=\"c8f4d90\" data-element_type=\"section\">\n\t\t\t\t\t\t<div class=\"elementor-container elementor-column-gap-default\">\n\t\t\t\t\t<div class=\"elementor-column elementor-col-33 elementor-inner-column elementor-element elementor-element-f39f119 elementor-hidden-phone ot-flex-column-vertical\" data-id=\"f39f119\" data-element_type=\"column\">\n\t\t\t<div class=\"elementor-widget-wrap\">\n\t\t\t\t\t\t\t\t\t<\/div>\n\t\t<\/div>\n\t\t\t\t<div class=\"elementor-column elementor-col-33 elementor-inner-column elementor-element elementor-element-d3c123d ot-flex-column-vertical\" data-id=\"d3c123d\" data-element_type=\"column\">\n\t\t\t<div class=\"elementor-widget-wrap elementor-element-populated\">\n\t\t\t\t\t\t\t\t<div class=\"elementor-element elementor-element-fe065db elementor-widget elementor-widget-iheading\" data-id=\"fe065db\" data-element_type=\"widget\" data-widget_type=\"iheading.default\">\n\t\t\t\t<div class=\"elementor-widget-container\">\n\t\t\t\t\t<div class=\"ot-heading\">\r\n\t        <span class=\"is_highlight\">WC Products<\/span>\t        <h3 class=\"main-head\">SANAT Flushing Cistern U-928 <\/h3>\t    <\/div>\r\n\t    \t\t<\/div>\n\t\t\t\t<\/div>\n\t\t\t\t<div class=\"elementor-element elementor-element-0167065 elementor-widget elementor-widget-text-editor\" data-id=\"0167065\" data-element_type=\"widget\" data-widget_type=\"text-editor.default\">\n\t\t\t\t<div class=\"elementor-widget-container\">\n\t\t\t\t\t\t\t\t<p>Sp\u00fclkasten U-928 ein Hoch-\/Niedrigwasser-Sp\u00fclkasten, mit Sp\u00fclgriff, mit einstellbarer Sp\u00fclleistung von 6-9 Litern, Werkseinstellung 6 Liter, isoliert gegen Kondensation, Start-Stopp-Technologie, vorbereitet f\u00fcr 3-Seiten-Anschluss und Niederdruck Ger\u00e4uschf\u00fcllventil<br \/><br \/>Lieferung mit: Sp\u00fclkasten U-928, Sp\u00fclrohrbogen und Sp\u00fclrohrverbinder, Befestigungsmaterial und Montageanleitung, verpackt im Karton<br \/><br \/><strong>Farbe<\/strong>: Alpinwei\u00df<br \/><br \/>Sp\u00fclkasten gepr\u00fcft nach DIN EN 14055, KIWA, Ger\u00e4uschklasse I<br \/><br \/><strong>Zubeh\u00f6r:<\/strong><br \/>- Anschlussset f\u00fcr Wasserzulauf von hinten Art.-Nr. 02.073.00..0000<\/p>\t\t\t\t\t\t<\/div>\n\t\t\t\t<\/div>\n\t\t\t\t\t<\/div>\n\t\t<\/div>\n\t\t\t\t<div class=\"elementor-column elementor-col-33 elementor-inner-column elementor-element elementor-element-963000d elementor-hidden-phone ot-flex-column-vertical\" data-id=\"963000d\" data-element_type=\"column\">\n\t\t\t<div class=\"elementor-widget-wrap\">\n\t\t\t\t\t\t\t\t\t<\/div>\n\t\t<\/div>\n\t\t\t\t\t\t\t<\/div>\n\t\t<\/section>\n\t\t\t\t<div class=\"elementor-element elementor-element-7e4dd1c elementor-widget elementor-widget-image-gallery\" data-id=\"7e4dd1c\" data-element_type=\"widget\" data-widget_type=\"image-gallery.default\">\n\t\t\t\t<div class=\"elementor-widget-container\">\n\t\t\t\t\t<div class=\"elementor-image-gallery\">\n\t\t\t<div id='gallery-1' class='gallery galleryid-2007 gallery-columns-3 gallery-size-medium'><figure class='gallery-item'>\n\t\t\t<div class='gallery-icon portrait'>\n\t\t\t\t<a data-elementor-open-lightbox=\"yes\" data-elementor-lightbox-slideshow=\"7e4dd1c\" data-elementor-lightbox-title=\"SANAT Flushing Cistern U-928\" data-elementor-lightbox-description=\"SANAT Flushing Cistern U-928\" href='https:\/\/sanat-de.com\/wp-content\/uploads\/2023\/10\/SANAT-Flushing-Cistern-U-928.png'><img width=\"300\" height=\"300\" src=\"https:\/\/sanat-de.com\/wp-content\/uploads\/2023\/10\/SANAT-Flushing-Cistern-U-928-300x300.png\" class=\"attachment-medium size-medium\" alt=\"SANAT Flushing Cistern U-928\" decoding=\"async\" aria-describedby=\"gallery-1-2011\" loading=\"lazy\" srcset=\"https:\/\/sanat-de.com\/wp-content\/uploads\/2023\/10\/SANAT-Flushing-Cistern-U-928-300x300.png 300w, https:\/\/sanat-de.com\/wp-content\/uploads\/2023\/10\/SANAT-Flushing-Cistern-U-928-150x150.png 150w, https:\/\/sanat-de.com\/wp-content\/uploads\/2023\/10\/SANAT-Flushing-Cistern-U-928-12x12.png 12w, https:\/\/sanat-de.com\/wp-content\/uploads\/2023\/10\/SANAT-Flushing-Cistern-U-928.png 367w\" sizes=\"(max-width: 300px) 100vw, 300px\" \/><\/a>\n\t\t\t<\/div>\n\t\t\t\t<figcaption class='wp-caption-text gallery-caption' id='gallery-1-2011'>\n\t\t\t\tSANAT Flushing Cistern U-928\n\t\t\t\t<\/figcaption><\/figure><figure class='gallery-item'>\n\t\t\t<div class='gallery-icon portrait'>\n\t\t\t\t<a data-elementor-open-lightbox=\"yes\" data-elementor-lightbox-slideshow=\"7e4dd1c\" data-elementor-lightbox-title=\"SANAT Flushing Cistern U-928 1\" data-elementor-lightbox-description=\"SANAT Flushing Cistern U-928\" href='https:\/\/sanat-de.com\/wp-content\/uploads\/2023\/10\/SANAT-Flushing-Cistern-U-928-1.png'><img width=\"201\" height=\"300\" src=\"https:\/\/sanat-de.com\/wp-content\/uploads\/2023\/10\/SANAT-Flushing-Cistern-U-928-1-201x300.png\" class=\"attachment-medium size-medium\" alt=\"SANAT Flushing Cistern U-928\" decoding=\"async\" aria-describedby=\"gallery-1-2009\" loading=\"lazy\" srcset=\"https:\/\/sanat-de.com\/wp-content\/uploads\/2023\/10\/SANAT-Flushing-Cistern-U-928-1-201x300.png 201w, https:\/\/sanat-de.com\/wp-content\/uploads\/2023\/10\/SANAT-Flushing-Cistern-U-928-1-8x12.png 8w, https:\/\/sanat-de.com\/wp-content\/uploads\/2023\/10\/SANAT-Flushing-Cistern-U-928-1.png 455w\" sizes=\"(max-width: 201px) 100vw, 201px\" \/><\/a>\n\t\t\t<\/div>\n\t\t\t\t<figcaption class='wp-caption-text gallery-caption' id='gallery-1-2009'>\n\t\t\t\tSANAT Flushing Cistern U-928\n\t\t\t\t<\/figcaption><\/figure><figure class='gallery-item'>\n\t\t\t<div class='gallery-icon landscape'>\n\t\t\t\t<a data-elementor-open-lightbox=\"yes\" data-elementor-lightbox-slideshow=\"7e4dd1c\" data-elementor-lightbox-title=\"SANAT Flushing Cistern U-928\" data-elementor-lightbox-description=\"SANAT Flushing Cistern U-928\" href='https:\/\/sanat-de.com\/wp-content\/uploads\/2023\/10\/SANAT-Flushing-Cistern-U-928-3.png'><img width=\"273\" height=\"272\" src=\"https:\/\/sanat-de.com\/wp-content\/uploads\/2023\/10\/SANAT-Flushing-Cistern-U-928-3.png\" class=\"attachment-medium size-medium\" alt=\"SANAT Flushing Cistern U-928\" decoding=\"async\" aria-describedby=\"gallery-1-2010\" loading=\"lazy\" srcset=\"https:\/\/sanat-de.com\/wp-content\/uploads\/2023\/10\/SANAT-Flushing-Cistern-U-928-3.png 273w, https:\/\/sanat-de.com\/wp-content\/uploads\/2023\/10\/SANAT-Flushing-Cistern-U-928-3-150x150.png 150w, https:\/\/sanat-de.com\/wp-content\/uploads\/2023\/10\/SANAT-Flushing-Cistern-U-928-3-12x12.png 12w\" sizes=\"(max-width: 273px) 100vw, 273px\" \/><\/a>\n\t\t\t<\/div>\n\t\t\t\t<figcaption class='wp-caption-text gallery-caption' id='gallery-1-2010'>\n\t\t\t\tSANAT Flushing Cistern U-928\n\t\t\t\t<\/figcaption><\/figure>\n\t\t<\/div>\n\t\t<\/div>\n\t\t\t\t<\/div>\n\t\t\t\t<\/div>\n\t\t\t\t\t<\/div>\n\t\t<\/div>\n\t\t\t\t\t\t\t<\/div>\n\t\t<\/section>\n\t\t\t\t\t\t<\/div>\n\t\t\t\t\t<\/div>","protected":false},"excerpt":{"rendered":"<p>WC Products SANAT Flushing Cistern U-928 Cistern U-928 a high\/low-lewel cistern, with flush pull, with an adjustable flushing capacity of 6-9 litres, factory setting 6 litres, insulated against condensation, start-stop technology, prepared for 3-side connection and low-noise fill valve supplied with: cistern U-928, flush pipe bend and flush pipe connector, fastenings and mounting instructions, packed [&hellip;]<\/p>","protected":false},"author":1,"featured_media":0,"parent":898,"menu_order":0,"comment_status":"closed","ping_status":"closed","template":"","meta":{"om_disable_all_campaigns":false,"_monsterinsights_skip_tracking":false,"_monsterinsights_sitenote_active":false,"_monsterinsights_sitenote_note":"","_monsterinsights_sitenote_category":0,"footnotes":""},"_links":{"self":[{"href":"https:\/\/sanat-de.com\/de\/wp-json\/wp\/v2\/pages\/2007"}],"collection":[{"href":"https:\/\/sanat-de.com\/de\/wp-json\/wp\/v2\/pages"}],"about":[{"href":"https:\/\/sanat-de.com\/de\/wp-json\/wp\/v2\/types\/page"}],"author":[{"embeddable":true,"href":"https:\/\/sanat-de.com\/de\/wp-json\/wp\/v2\/users\/1"}],"replies":[{"embeddable":true,"href":"https:\/\/sanat-de.com\/de\/wp-json\/wp\/v2\/comments?post=2007"}],"version-history":[{"count":8,"href":"https:\/\/sanat-de.com\/de\/wp-json\/wp\/v2\/pages\/2007\/revisions"}],"predecessor-version":[{"id":2202,"href":"https:\/\/sanat-de.com\/de\/wp-json\/wp\/v2\/pages\/2007\/revisions\/2202"}],"up":[{"embeddable":true,"href":"https:\/\/sanat-de.com\/de\/wp-json\/wp\/v2\/pages\/898"}],"wp:attachment":[{"href":"https:\/\/sanat-de.com\/de\/wp-json\/wp\/v2\/media?parent=2007"}],"curies":[{"name":"wp","href":"https:\/\/api.w.org\/{rel}","templated":true}]}}