{"id":2015,"date":"2023-10-07T07:07:11","date_gmt":"2023-10-07T07:07:11","guid":{"rendered":"https:\/\/sanat-de.com\/?page_id=2015"},"modified":"2023-10-07T09:53:54","modified_gmt":"2023-10-07T09:53:54","slug":"sanat-universal-fill-valve-510-multiflow","status":"publish","type":"page","link":"https:\/\/sanat-de.com\/de\/our-products\/wc-products\/sanat-universal-fill-valve-510-multiflow\/","title":{"rendered":"SANAT Universal Fill Valve 510 (Multiflow)"},"content":{"rendered":"<div data-elementor-type=\"wp-page\" data-elementor-id=\"2015\" class=\"elementor elementor-2015\" data-elementor-settings=\"[]\">\n\t\t\t\t\t\t\t<div class=\"elementor-section-wrap\">\n\t\t\t\t\t\t\t<section class=\"elementor-section elementor-top-section elementor-element elementor-element-bf423a9 elementor-section-boxed elementor-section-height-default elementor-section-height-default\" data-id=\"bf423a9\" data-element_type=\"section\">\n\t\t\t\t\t\t<div class=\"elementor-container elementor-column-gap-default\">\n\t\t\t\t\t<div class=\"elementor-column elementor-col-100 elementor-top-column elementor-element elementor-element-f5002e9 ot-flex-column-vertical\" data-id=\"f5002e9\" data-element_type=\"column\">\n\t\t\t<div class=\"elementor-widget-wrap elementor-element-populated\">\n\t\t\t\t\t\t\t\t<section class=\"elementor-section elementor-inner-section elementor-element elementor-element-c8f4d90 elementor-section-full_width elementor-section-height-default elementor-section-height-default\" data-id=\"c8f4d90\" data-element_type=\"section\">\n\t\t\t\t\t\t<div class=\"elementor-container elementor-column-gap-default\">\n\t\t\t\t\t<div class=\"elementor-column elementor-col-33 elementor-inner-column elementor-element elementor-element-f39f119 elementor-hidden-phone ot-flex-column-vertical\" data-id=\"f39f119\" data-element_type=\"column\">\n\t\t\t<div class=\"elementor-widget-wrap\">\n\t\t\t\t\t\t\t\t\t<\/div>\n\t\t<\/div>\n\t\t\t\t<div class=\"elementor-column elementor-col-33 elementor-inner-column elementor-element elementor-element-d3c123d ot-flex-column-vertical\" data-id=\"d3c123d\" data-element_type=\"column\">\n\t\t\t<div class=\"elementor-widget-wrap elementor-element-populated\">\n\t\t\t\t\t\t\t\t<div class=\"elementor-element elementor-element-fe065db elementor-widget elementor-widget-iheading\" data-id=\"fe065db\" data-element_type=\"widget\" data-widget_type=\"iheading.default\">\n\t\t\t\t<div class=\"elementor-widget-container\">\n\t\t\t\t\t<div class=\"ot-heading\">\r\n\t        <span class=\"is_highlight\">WC Products<\/span>\t        <h3 class=\"main-head\">SANAT Universal fill valve 510 (multiflow) G3\/8x30<\/h3>\t    <\/div>\r\n\t    \t\t<\/div>\n\t\t\t\t<\/div>\n\t\t\t\t<div class=\"elementor-element elementor-element-0167065 elementor-widget elementor-widget-text-editor\" data-id=\"0167065\" data-element_type=\"widget\" data-widget_type=\"text-editor.default\">\n\t\t\t\t<div class=\"elementor-widget-container\">\n\t\t\t\t\t\t\t\t<p>Universalf\u00fcllventil 510 (Multiflow)<br \/>Gr\u00f6\u00dfe: G 3\/8 x 30<br \/>kleine, kompakte Bauweise, schnelle F\u00fcllrate von 3,6 l\/min bei 0,5 bar Flie\u00dfdruck, schnelles Schlie\u00dfen, extrem leise, nur 13 dB(A) (Ger\u00e4uschklasse I), einfache Montage und Wartung durch einfache Schnapp- und Steckverbindungen, Messinganschluss, regulierbare Sp\u00fclwassermenge \u00fcber stufenlosen Schwimmer einstellbar, mit Teleskoprohr, f\u00fcr den universellen Einsatz in Kunststoff- und Keramik-Aufputz-Sp\u00fclk\u00e4sten und Unterputz-Sp\u00fclk\u00e4sten, verpackt im Karton<br \/><br \/>gepr\u00fcft nach DIN EN 14124, KIWA, SVGW, NF<\/p>\t\t\t\t\t\t<\/div>\n\t\t\t\t<\/div>\n\t\t\t\t\t<\/div>\n\t\t<\/div>\n\t\t\t\t<div class=\"elementor-column elementor-col-33 elementor-inner-column elementor-element elementor-element-963000d elementor-hidden-phone ot-flex-column-vertical\" data-id=\"963000d\" data-element_type=\"column\">\n\t\t\t<div class=\"elementor-widget-wrap\">\n\t\t\t\t\t\t\t\t\t<\/div>\n\t\t<\/div>\n\t\t\t\t\t\t\t<\/div>\n\t\t<\/section>\n\t\t\t\t<div class=\"elementor-element elementor-element-4a9e666 elementor-widget elementor-widget-image-gallery\" data-id=\"4a9e666\" data-element_type=\"widget\" data-widget_type=\"image-gallery.default\">\n\t\t\t\t<div class=\"elementor-widget-container\">\n\t\t\t\t\t<div class=\"elementor-image-gallery\">\n\t\t\t<div id='gallery-1' class='gallery galleryid-2015 gallery-columns-2 gallery-size-medium'><figure class='gallery-item'>\n\t\t\t<div class='gallery-icon landscape'>\n\t\t\t\t<a data-elementor-open-lightbox=\"yes\" data-elementor-lightbox-slideshow=\"4a9e666\" data-elementor-lightbox-title=\"SANAT Universal Fill Valve 510 (Multiflow)\" data-elementor-lightbox-description=\"SANAT Universal Fill Valve 510 (Multiflow)\" href='https:\/\/sanat-de.com\/wp-content\/uploads\/2023\/10\/SANAT-Universal-Fill-Valve-510-Multiflow.jpg'><img width=\"300\" height=\"300\" src=\"https:\/\/sanat-de.com\/wp-content\/uploads\/2023\/10\/SANAT-Universal-Fill-Valve-510-Multiflow-300x300.jpg\" class=\"attachment-medium size-medium\" alt=\"SANAT Universal Fill Valve 510 (Multiflow)\" decoding=\"async\" loading=\"lazy\" srcset=\"https:\/\/sanat-de.com\/wp-content\/uploads\/2023\/10\/SANAT-Universal-Fill-Valve-510-Multiflow-300x300.jpg 300w, https:\/\/sanat-de.com\/wp-content\/uploads\/2023\/10\/SANAT-Universal-Fill-Valve-510-Multiflow-150x150.jpg 150w, https:\/\/sanat-de.com\/wp-content\/uploads\/2023\/10\/SANAT-Universal-Fill-Valve-510-Multiflow-12x12.jpg 12w, https:\/\/sanat-de.com\/wp-content\/uploads\/2023\/10\/SANAT-Universal-Fill-Valve-510-Multiflow.jpg 480w\" sizes=\"(max-width: 300px) 100vw, 300px\" \/><\/a>\n\t\t\t<\/div><\/figure><figure class='gallery-item'>\n\t\t\t<div class='gallery-icon landscape'>\n\t\t\t\t<a data-elementor-open-lightbox=\"yes\" data-elementor-lightbox-slideshow=\"4a9e666\" data-elementor-lightbox-title=\"SANAT Universal Fill Valve 510 (Multiflow) 1\" data-elementor-lightbox-description=\"SANAT Universal Fill Valve 510 (Multiflow)\" href='https:\/\/sanat-de.com\/wp-content\/uploads\/2023\/10\/SANAT-Universal-Fill-Valve-510-Multiflow-1.png'><img width=\"300\" height=\"278\" src=\"https:\/\/sanat-de.com\/wp-content\/uploads\/2023\/10\/SANAT-Universal-Fill-Valve-510-Multiflow-1-300x278.png\" class=\"attachment-medium size-medium\" alt=\"SANAT Universal Fill Valve 510 (Multiflow)\" decoding=\"async\" loading=\"lazy\" srcset=\"https:\/\/sanat-de.com\/wp-content\/uploads\/2023\/10\/SANAT-Universal-Fill-Valve-510-Multiflow-1-300x278.png 300w, https:\/\/sanat-de.com\/wp-content\/uploads\/2023\/10\/SANAT-Universal-Fill-Valve-510-Multiflow-1-13x12.png 13w, https:\/\/sanat-de.com\/wp-content\/uploads\/2023\/10\/SANAT-Universal-Fill-Valve-510-Multiflow-1.png 539w\" sizes=\"(max-width: 300px) 100vw, 300px\" \/><\/a>\n\t\t\t<\/div><\/figure>\n\t\t<\/div>\n\t\t<\/div>\n\t\t\t\t<\/div>\n\t\t\t\t<\/div>\n\t\t\t\t\t<\/div>\n\t\t<\/div>\n\t\t\t\t\t\t\t<\/div>\n\t\t<\/section>\n\t\t\t\t\t\t<\/div>\n\t\t\t\t\t<\/div>","protected":false},"excerpt":{"rendered":"<p>WC Products SANAT Universal fill valve 510 (multiflow) G3\/8&#215;30 Universal fill valve 510 (multiflow)size: G 3\/8 x 30small, compact construction, rapid filling rate of 3.6 l\/min at 0.5 bar flow pressure, quick closing, extremely quiet, only 13 dB(A)(Noise Class I), easy to install and maintain due to simple snap and plug connections, brass connection, adjustable [&hellip;]<\/p>","protected":false},"author":1,"featured_media":0,"parent":898,"menu_order":0,"comment_status":"closed","ping_status":"closed","template":"","meta":{"om_disable_all_campaigns":false,"_monsterinsights_skip_tracking":false,"_monsterinsights_sitenote_active":false,"_monsterinsights_sitenote_note":"","_monsterinsights_sitenote_category":0,"footnotes":""},"_links":{"self":[{"href":"https:\/\/sanat-de.com\/de\/wp-json\/wp\/v2\/pages\/2015"}],"collection":[{"href":"https:\/\/sanat-de.com\/de\/wp-json\/wp\/v2\/pages"}],"about":[{"href":"https:\/\/sanat-de.com\/de\/wp-json\/wp\/v2\/types\/page"}],"author":[{"embeddable":true,"href":"https:\/\/sanat-de.com\/de\/wp-json\/wp\/v2\/users\/1"}],"replies":[{"embeddable":true,"href":"https:\/\/sanat-de.com\/de\/wp-json\/wp\/v2\/comments?post=2015"}],"version-history":[{"count":8,"href":"https:\/\/sanat-de.com\/de\/wp-json\/wp\/v2\/pages\/2015\/revisions"}],"predecessor-version":[{"id":2199,"href":"https:\/\/sanat-de.com\/de\/wp-json\/wp\/v2\/pages\/2015\/revisions\/2199"}],"up":[{"embeddable":true,"href":"https:\/\/sanat-de.com\/de\/wp-json\/wp\/v2\/pages\/898"}],"wp:attachment":[{"href":"https:\/\/sanat-de.com\/de\/wp-json\/wp\/v2\/media?parent=2015"}],"curies":[{"name":"wp","href":"https:\/\/api.w.org\/{rel}","templated":true}]}}