{"id":2038,"date":"2023-10-07T07:20:16","date_gmt":"2023-10-07T07:20:16","guid":{"rendered":"https:\/\/sanat-de.com\/?page_id=2038"},"modified":"2023-10-07T09:52:20","modified_gmt":"2023-10-07T09:52:20","slug":"sanat-push-plate-ineo-bright-stainless-steel-brushed","status":"publish","type":"page","link":"https:\/\/sanat-de.com\/de\/our-products\/new-products\/sanat-push-plate-ineo-bright-stainless-steel-brushed\/","title":{"rendered":"SANAT Push Plate Ineo Bright Stainless Steel Brushed"},"content":{"rendered":"<div data-elementor-type=\"wp-page\" data-elementor-id=\"2038\" class=\"elementor elementor-2038\" data-elementor-settings=\"[]\">\n\t\t\t\t\t\t\t<div class=\"elementor-section-wrap\">\n\t\t\t\t\t\t\t<section class=\"elementor-section elementor-top-section elementor-element elementor-element-c555b31 elementor-section-boxed elementor-section-height-default elementor-section-height-default\" data-id=\"c555b31\" data-element_type=\"section\">\n\t\t\t\t\t\t<div class=\"elementor-container elementor-column-gap-default\">\n\t\t\t\t\t<div class=\"elementor-column elementor-col-100 elementor-top-column elementor-element elementor-element-2e05186 ot-flex-column-vertical\" data-id=\"2e05186\" data-element_type=\"column\">\n\t\t\t<div class=\"elementor-widget-wrap elementor-element-populated\">\n\t\t\t\t\t\t\t\t<section class=\"elementor-section elementor-inner-section elementor-element elementor-element-14fd15f elementor-section-full_width elementor-section-height-default elementor-section-height-default\" data-id=\"14fd15f\" data-element_type=\"section\">\n\t\t\t\t\t\t<div class=\"elementor-container elementor-column-gap-default\">\n\t\t\t\t\t<div class=\"elementor-column elementor-col-33 elementor-inner-column elementor-element elementor-element-b6f7951 elementor-hidden-phone ot-flex-column-vertical\" data-id=\"b6f7951\" data-element_type=\"column\">\n\t\t\t<div class=\"elementor-widget-wrap\">\n\t\t\t\t\t\t\t\t\t<\/div>\n\t\t<\/div>\n\t\t\t\t<div class=\"elementor-column elementor-col-33 elementor-inner-column elementor-element elementor-element-8f559e5 ot-flex-column-vertical\" data-id=\"8f559e5\" data-element_type=\"column\">\n\t\t\t<div class=\"elementor-widget-wrap elementor-element-populated\">\n\t\t\t\t\t\t\t\t<div class=\"elementor-element elementor-element-3cf0c20 elementor-widget elementor-widget-iheading\" data-id=\"3cf0c20\" data-element_type=\"widget\" data-widget_type=\"iheading.default\">\n\t\t\t\t<div class=\"elementor-widget-container\">\n\t\t\t\t\t<div class=\"ot-heading\">\r\n\t        <span class=\"is_highlight\">NEW PRODUCTS<\/span>\t        <h3 class=\"main-head\">SANAT Push plate Ineo Bright stainless steel brushed<\/h3>\t    <\/div>\r\n\t    \t\t<\/div>\n\t\t\t\t<\/div>\n\t\t\t\t<div class=\"elementor-element elementor-element-f69f248 elementor-widget elementor-widget-text-editor\" data-id=\"f69f248\" data-element_type=\"widget\" data-widget_type=\"text-editor.default\">\n\t\t\t\t<div class=\"elementor-widget-container\">\n\t\t\t\t\t\t\t\t<p>Bet\u00e4tigungsplatte INEO BRIGHT<br \/>L\/B\/H: 202\/145\/10 mm, geeignet f\u00fcr den \u00f6ffentlichen und halb\u00f6ffentlichen Bereich, f\u00fcr Unterputz-Sp\u00fclk\u00e4sten mit kleiner Zugangs\u00f6ffnung, Einzelsp\u00fclung, bestehend aus Bet\u00e4tigungselement, Abdeckplatte, Befestigungsbolzen und verdecktem Verriegelungssystem zum Schutz vor unbefugtem Zugriff Demontage oder Besch\u00e4digung, verpackt in einem Karton<br \/><br \/><strong>Material:<\/strong> geb\u00fcrsteter Edelstahl<br \/><br \/><strong>Hinweis:<\/strong>\u00a0F\u00fcr die Unterputzsp\u00fclk\u00e4sten CC-120-S, CC-150-S und CC-200-S ist ein INEO-Universalsp\u00fclventil Art.-Nr. 03.982.00..0000 ist vor Serienstand 20 erforderlich.<\/p>\t\t\t\t\t\t<\/div>\n\t\t\t\t<\/div>\n\t\t\t\t\t<\/div>\n\t\t<\/div>\n\t\t\t\t<div class=\"elementor-column elementor-col-33 elementor-inner-column elementor-element elementor-element-4fea310 elementor-hidden-phone ot-flex-column-vertical\" data-id=\"4fea310\" data-element_type=\"column\">\n\t\t\t<div class=\"elementor-widget-wrap\">\n\t\t\t\t\t\t\t\t\t<\/div>\n\t\t<\/div>\n\t\t\t\t\t\t\t<\/div>\n\t\t<\/section>\n\t\t\t\t<div class=\"elementor-element elementor-element-809c19d elementor-widget elementor-widget-image-gallery\" data-id=\"809c19d\" data-element_type=\"widget\" data-widget_type=\"image-gallery.default\">\n\t\t\t\t<div class=\"elementor-widget-container\">\n\t\t\t\t\t<div class=\"elementor-image-gallery\">\n\t\t\t<div id='gallery-1' class='gallery galleryid-2038 gallery-columns-2 gallery-size-medium'><figure class='gallery-item'>\n\t\t\t<div class='gallery-icon landscape'>\n\t\t\t\t<a data-elementor-open-lightbox=\"yes\" data-elementor-lightbox-slideshow=\"809c19d\" data-elementor-lightbox-title=\"SANAT Push Plate Ineo Bright Stainless Steel Brushed\" data-elementor-lightbox-description=\"SANAT Push Plate Ineo Bright Stainless Steel Brushed\" href='https:\/\/sanat-de.com\/wp-content\/uploads\/2023\/10\/SANAT-Push-Plate-Ineo-Bright-Stainless-Steel-Brushed.jpg'><img width=\"300\" height=\"300\" src=\"https:\/\/sanat-de.com\/wp-content\/uploads\/2023\/10\/SANAT-Push-Plate-Ineo-Bright-Stainless-Steel-Brushed-300x300.jpg\" class=\"attachment-medium size-medium\" alt=\"SANAT Push Plate Ineo Bright Stainless Steel Brushed\" decoding=\"async\" loading=\"lazy\" srcset=\"https:\/\/sanat-de.com\/wp-content\/uploads\/2023\/10\/SANAT-Push-Plate-Ineo-Bright-Stainless-Steel-Brushed-300x300.jpg 300w, https:\/\/sanat-de.com\/wp-content\/uploads\/2023\/10\/SANAT-Push-Plate-Ineo-Bright-Stainless-Steel-Brushed-150x150.jpg 150w, https:\/\/sanat-de.com\/wp-content\/uploads\/2023\/10\/SANAT-Push-Plate-Ineo-Bright-Stainless-Steel-Brushed-12x12.jpg 12w, https:\/\/sanat-de.com\/wp-content\/uploads\/2023\/10\/SANAT-Push-Plate-Ineo-Bright-Stainless-Steel-Brushed.jpg 480w\" sizes=\"(max-width: 300px) 100vw, 300px\" \/><\/a>\n\t\t\t<\/div><\/figure><figure class='gallery-item'>\n\t\t\t<div class='gallery-icon landscape'>\n\t\t\t\t<a data-elementor-open-lightbox=\"yes\" data-elementor-lightbox-slideshow=\"809c19d\" data-elementor-lightbox-title=\"SANAT Push Plate Ineo Bright Stainless Steel Brushed 1\" data-elementor-lightbox-description=\"SANAT Push Plate Ineo Bright Stainless Steel Brushed\" href='https:\/\/sanat-de.com\/wp-content\/uploads\/2023\/10\/SANAT-Push-Plate-Ineo-Bright-Stainless-Steel-Brushed-1.png'><img width=\"300\" height=\"172\" src=\"https:\/\/sanat-de.com\/wp-content\/uploads\/2023\/10\/SANAT-Push-Plate-Ineo-Bright-Stainless-Steel-Brushed-1-300x172.png\" class=\"attachment-medium size-medium\" alt=\"SANAT Push Plate Ineo Bright Stainless Steel BrushedSANAT Push Plate Ineo Bright Stainless Steel BrushedSANAT Push Plate Ineo Bright Stainless Steel BrushedSANAT Push Plate Ineo Bright Stainless Steel BrushedSANAT Push Plate Ineo Bright Stainless Steel BrushedSANAT Push Plate Ineo Bright Stainless Steel BrushedSANAT Push Plate Ineo Bright Stainless Steel BrushedSANAT Push Plate Ineo Bright Stainless Steel BrushedSANAT Push Plate Ineo Bright Stainless Steel BrushedSANAT Push Plate Ineo Bright Stainless Steel BrushedSANAT Push Plate Ineo Bright Stainless Steel BrushedSANAT Push Plate Ineo Bright Stainless Steel BrushedSANAT Push Plate Ineo Bright Stainless Steel BrushedSANAT Push Plate Ineo Bright Stainless Steel BrushedSANAT Push Plate Ineo Bright Stainless Steel BrushedSANAT Push Plate Ineo Bright Stainless Steel BrushedSANAT Push Plate Ineo Bright Stainless Steel BrushedSANAT Push Plate Ineo Bright Stainless Steel BrushedSANAT Push Plate Ineo Bright Stainless Steel Brushed\" decoding=\"async\" loading=\"lazy\" srcset=\"https:\/\/sanat-de.com\/wp-content\/uploads\/2023\/10\/SANAT-Push-Plate-Ineo-Bright-Stainless-Steel-Brushed-1-300x172.png 300w, https:\/\/sanat-de.com\/wp-content\/uploads\/2023\/10\/SANAT-Push-Plate-Ineo-Bright-Stainless-Steel-Brushed-1-768x441.png 768w, https:\/\/sanat-de.com\/wp-content\/uploads\/2023\/10\/SANAT-Push-Plate-Ineo-Bright-Stainless-Steel-Brushed-1-18x10.png 18w, https:\/\/sanat-de.com\/wp-content\/uploads\/2023\/10\/SANAT-Push-Plate-Ineo-Bright-Stainless-Steel-Brushed-1.png 974w\" sizes=\"(max-width: 300px) 100vw, 300px\" \/><\/a>\n\t\t\t<\/div><\/figure>\n\t\t<\/div>\n\t\t<\/div>\n\t\t\t\t<\/div>\n\t\t\t\t<\/div>\n\t\t\t\t\t<\/div>\n\t\t<\/div>\n\t\t\t\t\t\t\t<\/div>\n\t\t<\/section>\n\t\t\t\t\t\t<\/div>\n\t\t\t\t\t<\/div>","protected":false},"excerpt":{"rendered":"<p>NEW PRODUCTS SANAT Push plate Ineo Bright stainless steel brushed Push plate INEO BRIGHTl\/w\/h: 202\/145\/10 mm, suitable for public and semi-public areas, for concealed cisterns with small access opening, single flush, consisting of actuator element, cover plate, fixing bolts and concealed locking system to avoid unauthorized disassembly or damages, packed in a box Material: brushed [&hellip;]<\/p>","protected":false},"author":1,"featured_media":0,"parent":959,"menu_order":0,"comment_status":"closed","ping_status":"closed","template":"","meta":{"om_disable_all_campaigns":false,"_monsterinsights_skip_tracking":false,"_monsterinsights_sitenote_active":false,"_monsterinsights_sitenote_note":"","_monsterinsights_sitenote_category":0,"footnotes":""},"_links":{"self":[{"href":"https:\/\/sanat-de.com\/de\/wp-json\/wp\/v2\/pages\/2038"}],"collection":[{"href":"https:\/\/sanat-de.com\/de\/wp-json\/wp\/v2\/pages"}],"about":[{"href":"https:\/\/sanat-de.com\/de\/wp-json\/wp\/v2\/types\/page"}],"author":[{"embeddable":true,"href":"https:\/\/sanat-de.com\/de\/wp-json\/wp\/v2\/users\/1"}],"replies":[{"embeddable":true,"href":"https:\/\/sanat-de.com\/de\/wp-json\/wp\/v2\/comments?post=2038"}],"version-history":[{"count":8,"href":"https:\/\/sanat-de.com\/de\/wp-json\/wp\/v2\/pages\/2038\/revisions"}],"predecessor-version":[{"id":2193,"href":"https:\/\/sanat-de.com\/de\/wp-json\/wp\/v2\/pages\/2038\/revisions\/2193"}],"up":[{"embeddable":true,"href":"https:\/\/sanat-de.com\/de\/wp-json\/wp\/v2\/pages\/959"}],"wp:attachment":[{"href":"https:\/\/sanat-de.com\/de\/wp-json\/wp\/v2\/media?parent=2038"}],"curies":[{"name":"wp","href":"https:\/\/api.w.org\/{rel}","templated":true}]}}