{"id":2045,"date":"2023-10-07T07:24:45","date_gmt":"2023-10-07T07:24:45","guid":{"rendered":"https:\/\/sanat-de.com\/?page_id=2045"},"modified":"2023-10-07T09:51:36","modified_gmt":"2023-10-07T09:51:36","slug":"sanat-wash-basin-element","status":"publish","type":"page","link":"https:\/\/sanat-de.com\/de\/our-products\/new-products\/sanat-wash-basin-element\/","title":{"rendered":"SANAT Wash Basin Element"},"content":{"rendered":"<div data-elementor-type=\"wp-page\" data-elementor-id=\"2045\" class=\"elementor elementor-2045\" data-elementor-settings=\"[]\">\n\t\t\t\t\t\t\t<div class=\"elementor-section-wrap\">\n\t\t\t\t\t\t\t<section class=\"elementor-section elementor-top-section elementor-element elementor-element-c555b31 elementor-section-boxed elementor-section-height-default elementor-section-height-default\" data-id=\"c555b31\" data-element_type=\"section\">\n\t\t\t\t\t\t<div class=\"elementor-container elementor-column-gap-default\">\n\t\t\t\t\t<div class=\"elementor-column elementor-col-100 elementor-top-column elementor-element elementor-element-2e05186 ot-flex-column-vertical\" data-id=\"2e05186\" data-element_type=\"column\">\n\t\t\t<div class=\"elementor-widget-wrap elementor-element-populated\">\n\t\t\t\t\t\t\t\t<section class=\"elementor-section elementor-inner-section elementor-element elementor-element-14fd15f elementor-section-full_width elementor-section-height-default elementor-section-height-default\" data-id=\"14fd15f\" data-element_type=\"section\">\n\t\t\t\t\t\t<div class=\"elementor-container elementor-column-gap-default\">\n\t\t\t\t\t<div class=\"elementor-column elementor-col-33 elementor-inner-column elementor-element elementor-element-b6f7951 elementor-hidden-phone ot-flex-column-vertical\" data-id=\"b6f7951\" data-element_type=\"column\">\n\t\t\t<div class=\"elementor-widget-wrap\">\n\t\t\t\t\t\t\t\t\t<\/div>\n\t\t<\/div>\n\t\t\t\t<div class=\"elementor-column elementor-col-33 elementor-inner-column elementor-element elementor-element-8f559e5 ot-flex-column-vertical\" data-id=\"8f559e5\" data-element_type=\"column\">\n\t\t\t<div class=\"elementor-widget-wrap elementor-element-populated\">\n\t\t\t\t\t\t\t\t<div class=\"elementor-element elementor-element-3cf0c20 elementor-widget elementor-widget-iheading\" data-id=\"3cf0c20\" data-element_type=\"widget\" data-widget_type=\"iheading.default\">\n\t\t\t\t<div class=\"elementor-widget-container\">\n\t\t\t\t\t<div class=\"ot-heading\">\r\n\t        <span class=\"is_highlight\">NEW PRODUCTS<\/span>\t        <h3 class=\"main-head\">SANAT Wash basin element INEO 1 hole mixer 1120\/525<\/h3>\t    <\/div>\r\n\t    \t\t<\/div>\n\t\t\t\t<\/div>\n\t\t\t\t<div class=\"elementor-element elementor-element-f69f248 elementor-widget elementor-widget-text-editor\" data-id=\"f69f248\" data-element_type=\"widget\" data-widget_type=\"text-editor.default\">\n\t\t\t\t<div class=\"elementor-widget-container\">\n\t\t\t\t\t\t\t\t<p>Waschtischelement INEO, f\u00fcr Waschtische mit Einlochbatterie<br \/>H\/B\/T: 1.120\/525\/75 mm<br \/>selbsttragender, pulverbeschichteter Stahlrahmen, zur Beplankung mit Gipskartonplatten, Montage auf Massivw\u00e4nden, im Trockenbau etc., 4-Punkt-Befestigung, komplett vormontiert, inklusive selbstsichernder F\u00fc\u00dfe mit drehbaren Grundplatten und Befestigungsset, passend f\u00fcr alle Waschtische und Kleinwaschtische, Verstellbereich der F\u00fc\u00dfe von Rohboden bis Oberkante Fertigboden: 0-200 mm, Verstellbereich von vorne zur Wand: 135-205 mm (bei Montage auf Wandkonsolen Art.-Nr. 17.257.00). ..T000), mit mehrfach verleimter Sperrholzplatte und Skalierung zur freien Positionierung der Trinkwasserrohr-Wandplatten, mit 2 Schrauben M10 zur Befestigung des Waschbeckens inklusive Schutzstopfen und Waschbeckenbefestigungen, mit Universal-Ablaufbogen DN 50 d:50\/DN 40 d :40, inklusive Gummimanschette DN 40 d:40\/ DN 32 d:32, mit Schutzstopfen, verpackt im Karton<br \/><br \/><strong>Zubeh\u00f6r:<\/strong><br \/>- Wandhalterungen (Paar) Art.-Nr. 17.257.00..T000<br \/>- Schallabsorbierende Sets<\/p>\t\t\t\t\t\t<\/div>\n\t\t\t\t<\/div>\n\t\t\t\t\t<\/div>\n\t\t<\/div>\n\t\t\t\t<div class=\"elementor-column elementor-col-33 elementor-inner-column elementor-element elementor-element-4fea310 elementor-hidden-phone ot-flex-column-vertical\" data-id=\"4fea310\" data-element_type=\"column\">\n\t\t\t<div class=\"elementor-widget-wrap\">\n\t\t\t\t\t\t\t\t\t<\/div>\n\t\t<\/div>\n\t\t\t\t\t\t\t<\/div>\n\t\t<\/section>\n\t\t\t\t<div class=\"elementor-element elementor-element-dc72d39 elementor-widget elementor-widget-image-gallery\" data-id=\"dc72d39\" data-element_type=\"widget\" data-widget_type=\"image-gallery.default\">\n\t\t\t\t<div class=\"elementor-widget-container\">\n\t\t\t\t\t<div class=\"elementor-image-gallery\">\n\t\t\t<div id='gallery-1' class='gallery galleryid-2045 gallery-columns-2 gallery-size-medium'><figure class='gallery-item'>\n\t\t\t<div class='gallery-icon landscape'>\n\t\t\t\t<a data-elementor-open-lightbox=\"yes\" data-elementor-lightbox-slideshow=\"dc72d39\" data-elementor-lightbox-title=\"SANAT Wash Basin Element\" data-elementor-lightbox-description=\"SANAT Wash Basin Element\" href='https:\/\/sanat-de.com\/wp-content\/uploads\/2023\/10\/SANAT-Wash-Basin-Element.jpg'><img width=\"300\" height=\"300\" src=\"https:\/\/sanat-de.com\/wp-content\/uploads\/2023\/10\/SANAT-Wash-Basin-Element-300x300.jpg\" class=\"attachment-medium size-medium\" alt=\"SANAT Wash Basin Element\" decoding=\"async\" loading=\"lazy\" srcset=\"https:\/\/sanat-de.com\/wp-content\/uploads\/2023\/10\/SANAT-Wash-Basin-Element-300x300.jpg 300w, https:\/\/sanat-de.com\/wp-content\/uploads\/2023\/10\/SANAT-Wash-Basin-Element-150x150.jpg 150w, https:\/\/sanat-de.com\/wp-content\/uploads\/2023\/10\/SANAT-Wash-Basin-Element-12x12.jpg 12w, https:\/\/sanat-de.com\/wp-content\/uploads\/2023\/10\/SANAT-Wash-Basin-Element.jpg 480w\" sizes=\"(max-width: 300px) 100vw, 300px\" \/><\/a>\n\t\t\t<\/div><\/figure><figure class='gallery-item'>\n\t\t\t<div class='gallery-icon portrait'>\n\t\t\t\t<a data-elementor-open-lightbox=\"yes\" data-elementor-lightbox-slideshow=\"dc72d39\" data-elementor-lightbox-title=\"SANAT Wash Basin Element\" data-elementor-lightbox-description=\"SANAT Wash Basin Element\" href='https:\/\/sanat-de.com\/wp-content\/uploads\/2023\/10\/SANAT-Wash-Basin-Element-1.png'><img width=\"262\" height=\"300\" src=\"https:\/\/sanat-de.com\/wp-content\/uploads\/2023\/10\/SANAT-Wash-Basin-Element-1-262x300.png\" class=\"attachment-medium size-medium\" alt=\"SANAT Wash Basin Element\" decoding=\"async\" loading=\"lazy\" srcset=\"https:\/\/sanat-de.com\/wp-content\/uploads\/2023\/10\/SANAT-Wash-Basin-Element-1-262x300.png 262w, https:\/\/sanat-de.com\/wp-content\/uploads\/2023\/10\/SANAT-Wash-Basin-Element-1-10x12.png 10w, https:\/\/sanat-de.com\/wp-content\/uploads\/2023\/10\/SANAT-Wash-Basin-Element-1.png 598w\" sizes=\"(max-width: 262px) 100vw, 262px\" \/><\/a>\n\t\t\t<\/div><\/figure>\n\t\t<\/div>\n\t\t<\/div>\n\t\t\t\t<\/div>\n\t\t\t\t<\/div>\n\t\t\t\t\t<\/div>\n\t\t<\/div>\n\t\t\t\t\t\t\t<\/div>\n\t\t<\/section>\n\t\t\t\t\t\t<\/div>\n\t\t\t\t\t<\/div>","protected":false},"excerpt":{"rendered":"<p>NEW PRODUCTS SANAT Wash basin element INEO 1 hole mixer 1120\/525 Washbasin element INEO, for washbasins with single hole mixersh\/w\/d: 1,120\/525\/75 mmself-supporting, powder-coated steel frame, for covering with\u00a0plasterboard, installation onto a solid wall, in drywall constructions etc., 4-point fastening, fully pre-assembled, includes self-locking feet with swivel base plates and fastening set, suits all washbasins and [&hellip;]<\/p>","protected":false},"author":1,"featured_media":0,"parent":959,"menu_order":0,"comment_status":"closed","ping_status":"closed","template":"","meta":{"om_disable_all_campaigns":false,"_monsterinsights_skip_tracking":false,"_monsterinsights_sitenote_active":false,"_monsterinsights_sitenote_note":"","_monsterinsights_sitenote_category":0,"footnotes":""},"_links":{"self":[{"href":"https:\/\/sanat-de.com\/de\/wp-json\/wp\/v2\/pages\/2045"}],"collection":[{"href":"https:\/\/sanat-de.com\/de\/wp-json\/wp\/v2\/pages"}],"about":[{"href":"https:\/\/sanat-de.com\/de\/wp-json\/wp\/v2\/types\/page"}],"author":[{"embeddable":true,"href":"https:\/\/sanat-de.com\/de\/wp-json\/wp\/v2\/users\/1"}],"replies":[{"embeddable":true,"href":"https:\/\/sanat-de.com\/de\/wp-json\/wp\/v2\/comments?post=2045"}],"version-history":[{"count":8,"href":"https:\/\/sanat-de.com\/de\/wp-json\/wp\/v2\/pages\/2045\/revisions"}],"predecessor-version":[{"id":2190,"href":"https:\/\/sanat-de.com\/de\/wp-json\/wp\/v2\/pages\/2045\/revisions\/2190"}],"up":[{"embeddable":true,"href":"https:\/\/sanat-de.com\/de\/wp-json\/wp\/v2\/pages\/959"}],"wp:attachment":[{"href":"https:\/\/sanat-de.com\/de\/wp-json\/wp\/v2\/media?parent=2045"}],"curies":[{"name":"wp","href":"https:\/\/api.w.org\/{rel}","templated":true}]}}