{"id":2052,"date":"2023-10-07T07:28:34","date_gmt":"2023-10-07T07:28:34","guid":{"rendered":"https:\/\/sanat-de.com\/?page_id=2052"},"modified":"2023-10-07T09:50:49","modified_gmt":"2023-10-07T09:50:49","slug":"sanat-waste-overflow-assembly-swing-plus-matt-black","status":"publish","type":"page","link":"https:\/\/sanat-de.com\/de\/our-products\/new-products\/sanat-waste-overflow-assembly-swing-plus-matt-black\/","title":{"rendered":"SANAT Waste + Overflow Assembly SWING PLUS, Matt Black"},"content":{"rendered":"<div data-elementor-type=\"wp-page\" data-elementor-id=\"2052\" class=\"elementor elementor-2052\" data-elementor-settings=\"[]\">\n\t\t\t\t\t\t\t<div class=\"elementor-section-wrap\">\n\t\t\t\t\t\t\t<section class=\"elementor-section elementor-top-section elementor-element elementor-element-c555b31 elementor-section-boxed elementor-section-height-default elementor-section-height-default\" data-id=\"c555b31\" data-element_type=\"section\">\n\t\t\t\t\t\t<div class=\"elementor-container elementor-column-gap-default\">\n\t\t\t\t\t<div class=\"elementor-column elementor-col-100 elementor-top-column elementor-element elementor-element-2e05186 ot-flex-column-vertical\" data-id=\"2e05186\" data-element_type=\"column\">\n\t\t\t<div class=\"elementor-widget-wrap elementor-element-populated\">\n\t\t\t\t\t\t\t\t<section class=\"elementor-section elementor-inner-section elementor-element elementor-element-14fd15f elementor-section-full_width elementor-section-height-default elementor-section-height-default\" data-id=\"14fd15f\" data-element_type=\"section\">\n\t\t\t\t\t\t<div class=\"elementor-container elementor-column-gap-default\">\n\t\t\t\t\t<div class=\"elementor-column elementor-col-33 elementor-inner-column elementor-element elementor-element-b6f7951 elementor-hidden-phone ot-flex-column-vertical\" data-id=\"b6f7951\" data-element_type=\"column\">\n\t\t\t<div class=\"elementor-widget-wrap\">\n\t\t\t\t\t\t\t\t\t<\/div>\n\t\t<\/div>\n\t\t\t\t<div class=\"elementor-column elementor-col-33 elementor-inner-column elementor-element elementor-element-8f559e5 ot-flex-column-vertical\" data-id=\"8f559e5\" data-element_type=\"column\">\n\t\t\t<div class=\"elementor-widget-wrap elementor-element-populated\">\n\t\t\t\t\t\t\t\t<div class=\"elementor-element elementor-element-3cf0c20 elementor-widget elementor-widget-iheading\" data-id=\"3cf0c20\" data-element_type=\"widget\" data-widget_type=\"iheading.default\">\n\t\t\t\t<div class=\"elementor-widget-container\">\n\t\t\t\t\t<div class=\"ot-heading\">\r\n\t        <span class=\"is_highlight\">NEW PRODUCTS<\/span>\t        <h3 class=\"main-head\">SANAT waste + overflow assembly SWING PLUS, matt black<\/h3>\t    <\/div>\r\n\t    \t\t<\/div>\n\t\t\t\t<\/div>\n\t\t\t\t<div class=\"elementor-element elementor-element-f69f248 elementor-widget elementor-widget-text-editor\" data-id=\"f69f248\" data-element_type=\"widget\" data-widget_type=\"text-editor.default\">\n\t\t\t\t<div class=\"elementor-widget-container\">\n\t\t\t\t\t\t\t\t<p>Ab- und \u00dcberlaufgarnitur SWING PLUS<br \/>aus Kunststoff, mit Wasserzulauf, Universal-Wasseranschluss R 1\/2 Au\u00dfengewinde, Kabel 650 mm, str\u00f6mungsoptimierter Siphon, kompakte Einbauh\u00f6he (90 mm) und Ablaufbogen d:40\/50 mm, Bedieneinheit mit Mehrweg-Drehknopf , mit Stecker und Montageset, mattschwarzer Bedieneinheit und Stecker, rechteckiger Luftsprudler (Durchflussklasse C), f\u00fcr Badewannen mit Dreh-Exzenter-Bet\u00e4tigung, verpackt im Karton<br \/><br \/>gepr\u00fcft nach DIN EN 274, \u00fcberwacht<br \/><br \/><strong>Zubeh\u00f6r:<\/strong> Verbindungsset Art.-Nr. 05.211.00..0000<\/p>\t\t\t\t\t\t<\/div>\n\t\t\t\t<\/div>\n\t\t\t\t\t<\/div>\n\t\t<\/div>\n\t\t\t\t<div class=\"elementor-column elementor-col-33 elementor-inner-column elementor-element elementor-element-4fea310 elementor-hidden-phone ot-flex-column-vertical\" data-id=\"4fea310\" data-element_type=\"column\">\n\t\t\t<div class=\"elementor-widget-wrap\">\n\t\t\t\t\t\t\t\t\t<\/div>\n\t\t<\/div>\n\t\t\t\t\t\t\t<\/div>\n\t\t<\/section>\n\t\t\t\t<div class=\"elementor-element elementor-element-e43ebaf elementor-widget elementor-widget-image-gallery\" data-id=\"e43ebaf\" data-element_type=\"widget\" data-widget_type=\"image-gallery.default\">\n\t\t\t\t<div class=\"elementor-widget-container\">\n\t\t\t\t\t<div class=\"elementor-image-gallery\">\n\t\t\t<div id='gallery-1' class='gallery galleryid-2052 gallery-columns-2 gallery-size-medium'><figure class='gallery-item'>\n\t\t\t<div class='gallery-icon landscape'>\n\t\t\t\t<a data-elementor-open-lightbox=\"yes\" data-elementor-lightbox-slideshow=\"e43ebaf\" data-elementor-lightbox-title=\"SANAT Waste + Overflow Assembly SWING PLUS, Matt Black\" data-elementor-lightbox-description=\"SANAT Waste + Overflow Assembly SWING PLUS, Matt Black\" href='https:\/\/sanat-de.com\/wp-content\/uploads\/2023\/10\/SANAT-Waste-Overflow-Assembly-SWING-PLUS-Matt-Black.jpg'><img width=\"300\" height=\"300\" src=\"https:\/\/sanat-de.com\/wp-content\/uploads\/2023\/10\/SANAT-Waste-Overflow-Assembly-SWING-PLUS-Matt-Black-300x300.jpg\" class=\"attachment-medium size-medium\" alt=\"SANAT Waste + Overflow Assembly SWING PLUS, Matt Black\" decoding=\"async\" loading=\"lazy\" srcset=\"https:\/\/sanat-de.com\/wp-content\/uploads\/2023\/10\/SANAT-Waste-Overflow-Assembly-SWING-PLUS-Matt-Black-300x300.jpg 300w, https:\/\/sanat-de.com\/wp-content\/uploads\/2023\/10\/SANAT-Waste-Overflow-Assembly-SWING-PLUS-Matt-Black-150x150.jpg 150w, https:\/\/sanat-de.com\/wp-content\/uploads\/2023\/10\/SANAT-Waste-Overflow-Assembly-SWING-PLUS-Matt-Black-12x12.jpg 12w, https:\/\/sanat-de.com\/wp-content\/uploads\/2023\/10\/SANAT-Waste-Overflow-Assembly-SWING-PLUS-Matt-Black.jpg 480w\" sizes=\"(max-width: 300px) 100vw, 300px\" \/><\/a>\n\t\t\t<\/div><\/figure><figure class='gallery-item'>\n\t\t\t<div class='gallery-icon landscape'>\n\t\t\t\t<a data-elementor-open-lightbox=\"yes\" data-elementor-lightbox-slideshow=\"e43ebaf\" data-elementor-lightbox-title=\"SANAT Waste + Overflow Assembly SWING PLUS, Matt Black 1\" data-elementor-lightbox-description=\"SANAT Waste + Overflow Assembly SWING PLUS, Matt Black\" href='https:\/\/sanat-de.com\/wp-content\/uploads\/2023\/10\/SANAT-Waste-Overflow-Assembly-SWING-PLUS-Matt-Black-1.png'><img width=\"300\" height=\"300\" src=\"https:\/\/sanat-de.com\/wp-content\/uploads\/2023\/10\/SANAT-Waste-Overflow-Assembly-SWING-PLUS-Matt-Black-1-300x300.png\" class=\"attachment-medium size-medium\" alt=\"SANAT Waste + Overflow Assembly SWING PLUS, Matt Black\" decoding=\"async\" loading=\"lazy\" srcset=\"https:\/\/sanat-de.com\/wp-content\/uploads\/2023\/10\/SANAT-Waste-Overflow-Assembly-SWING-PLUS-Matt-Black-1-300x300.png 300w, https:\/\/sanat-de.com\/wp-content\/uploads\/2023\/10\/SANAT-Waste-Overflow-Assembly-SWING-PLUS-Matt-Black-1-150x150.png 150w, https:\/\/sanat-de.com\/wp-content\/uploads\/2023\/10\/SANAT-Waste-Overflow-Assembly-SWING-PLUS-Matt-Black-1-12x12.png 12w, https:\/\/sanat-de.com\/wp-content\/uploads\/2023\/10\/SANAT-Waste-Overflow-Assembly-SWING-PLUS-Matt-Black-1.png 509w\" sizes=\"(max-width: 300px) 100vw, 300px\" \/><\/a>\n\t\t\t<\/div><\/figure>\n\t\t<\/div>\n\t\t<\/div>\n\t\t\t\t<\/div>\n\t\t\t\t<\/div>\n\t\t\t\t\t<\/div>\n\t\t<\/div>\n\t\t\t\t\t\t\t<\/div>\n\t\t<\/section>\n\t\t\t\t\t\t<\/div>\n\t\t\t\t\t<\/div>","protected":false},"excerpt":{"rendered":"<p>NEW PRODUCTS SANAT waste + overflow assembly SWING PLUS, matt black Waste and overflow assembly SWING PLUSmade of plastic, with water inlet, universal water connection R 1\/2 male thread, cable 650 mm, flow-optimised trap, compact installation height (90 mm) and waste bend d:40\/50 mm, operating unit with returnable rotary knob, with plug and installation set, [&hellip;]<\/p>","protected":false},"author":1,"featured_media":0,"parent":959,"menu_order":0,"comment_status":"closed","ping_status":"closed","template":"","meta":{"om_disable_all_campaigns":false,"_monsterinsights_skip_tracking":false,"_monsterinsights_sitenote_active":false,"_monsterinsights_sitenote_note":"","_monsterinsights_sitenote_category":0,"footnotes":""},"_links":{"self":[{"href":"https:\/\/sanat-de.com\/de\/wp-json\/wp\/v2\/pages\/2052"}],"collection":[{"href":"https:\/\/sanat-de.com\/de\/wp-json\/wp\/v2\/pages"}],"about":[{"href":"https:\/\/sanat-de.com\/de\/wp-json\/wp\/v2\/types\/page"}],"author":[{"embeddable":true,"href":"https:\/\/sanat-de.com\/de\/wp-json\/wp\/v2\/users\/1"}],"replies":[{"embeddable":true,"href":"https:\/\/sanat-de.com\/de\/wp-json\/wp\/v2\/comments?post=2052"}],"version-history":[{"count":8,"href":"https:\/\/sanat-de.com\/de\/wp-json\/wp\/v2\/pages\/2052\/revisions"}],"predecessor-version":[{"id":2187,"href":"https:\/\/sanat-de.com\/de\/wp-json\/wp\/v2\/pages\/2052\/revisions\/2187"}],"up":[{"embeddable":true,"href":"https:\/\/sanat-de.com\/de\/wp-json\/wp\/v2\/pages\/959"}],"wp:attachment":[{"href":"https:\/\/sanat-de.com\/de\/wp-json\/wp\/v2\/media?parent=2052"}],"curies":[{"name":"wp","href":"https:\/\/api.w.org\/{rel}","templated":true}]}}