{"id":2059,"date":"2023-10-07T07:31:46","date_gmt":"2023-10-07T07:31:46","guid":{"rendered":"https:\/\/sanat-de.com\/?page_id=2059"},"modified":"2023-10-07T09:42:59","modified_gmt":"2023-10-07T09:42:59","slug":"sanat-wc-seat-3000d-highline","status":"publish","type":"page","link":"https:\/\/sanat-de.com\/de\/our-products\/new-products\/sanat-wc-seat-3000d-highline\/","title":{"rendered":"SANAT WC Seat 3000D (Highline)"},"content":{"rendered":"<div data-elementor-type=\"wp-page\" data-elementor-id=\"2059\" class=\"elementor elementor-2059\" data-elementor-settings=\"[]\">\n\t\t\t\t\t\t\t<div class=\"elementor-section-wrap\">\n\t\t\t\t\t\t\t<section class=\"elementor-section elementor-top-section elementor-element elementor-element-c555b31 elementor-section-boxed elementor-section-height-default elementor-section-height-default\" data-id=\"c555b31\" data-element_type=\"section\">\n\t\t\t\t\t\t<div class=\"elementor-container elementor-column-gap-default\">\n\t\t\t\t\t<div class=\"elementor-column elementor-col-100 elementor-top-column elementor-element elementor-element-2e05186 ot-flex-column-vertical\" data-id=\"2e05186\" data-element_type=\"column\">\n\t\t\t<div class=\"elementor-widget-wrap elementor-element-populated\">\n\t\t\t\t\t\t\t\t<section class=\"elementor-section elementor-inner-section elementor-element elementor-element-14fd15f elementor-section-full_width elementor-section-height-default elementor-section-height-default\" data-id=\"14fd15f\" data-element_type=\"section\">\n\t\t\t\t\t\t<div class=\"elementor-container elementor-column-gap-default\">\n\t\t\t\t\t<div class=\"elementor-column elementor-col-33 elementor-inner-column elementor-element elementor-element-b6f7951 elementor-hidden-phone ot-flex-column-vertical\" data-id=\"b6f7951\" data-element_type=\"column\">\n\t\t\t<div class=\"elementor-widget-wrap\">\n\t\t\t\t\t\t\t\t\t<\/div>\n\t\t<\/div>\n\t\t\t\t<div class=\"elementor-column elementor-col-33 elementor-inner-column elementor-element elementor-element-8f559e5 ot-flex-column-vertical\" data-id=\"8f559e5\" data-element_type=\"column\">\n\t\t\t<div class=\"elementor-widget-wrap elementor-element-populated\">\n\t\t\t\t\t\t\t\t<div class=\"elementor-element elementor-element-3cf0c20 elementor-widget elementor-widget-iheading\" data-id=\"3cf0c20\" data-element_type=\"widget\" data-widget_type=\"iheading.default\">\n\t\t\t\t<div class=\"elementor-widget-container\">\n\t\t\t\t\t<div class=\"ot-heading\">\r\n\t        <span class=\"is_highlight\">NEW PRODUCTS<\/span>\t        <h3 class=\"main-head\">SANAT WC seat 3000D (highline) stainless steel hinges white<\/h3>\t    <\/div>\r\n\t    \t\t<\/div>\n\t\t\t\t<\/div>\n\t\t\t\t<div class=\"elementor-element elementor-element-f69f248 elementor-widget elementor-widget-text-editor\" data-id=\"f69f248\" data-element_type=\"widget\" data-widget_type=\"text-editor.default\">\n\t\t\t\t<div class=\"elementor-widget-container\">\n\t\t\t\t\t\t\t\t<p>WC-Sitz 3000 D (Highline D)<br \/>Duroplastischer WC-Sitz mit Absenkautomatik, Sitz im Deckel integriert, kratzfeste Oberfl\u00e4che, mit verschraubten Absenkautomatikscharnieren aus Edelstahl, Sitz abnehmbar ohne Demontage der Scharniere, 4-Punkt-Auflage, passend f\u00fcr alle g\u00e4ngigen Wand- und Stand-WCs , auch f\u00fcr WCs mit D-f\u00f6rmigem Becken, verpackt im Karton<br \/><br \/><strong>Gewicht<\/strong>: 1,99 kg<br \/><br \/>gepr\u00fcft nach DIN 19516<\/p>\t\t\t\t\t\t<\/div>\n\t\t\t\t<\/div>\n\t\t\t\t\t<\/div>\n\t\t<\/div>\n\t\t\t\t<div class=\"elementor-column elementor-col-33 elementor-inner-column elementor-element elementor-element-4fea310 elementor-hidden-phone ot-flex-column-vertical\" data-id=\"4fea310\" data-element_type=\"column\">\n\t\t\t<div class=\"elementor-widget-wrap\">\n\t\t\t\t\t\t\t\t\t<\/div>\n\t\t<\/div>\n\t\t\t\t\t\t\t<\/div>\n\t\t<\/section>\n\t\t\t\t<div class=\"elementor-element elementor-element-dea112c elementor-widget elementor-widget-image-gallery\" data-id=\"dea112c\" data-element_type=\"widget\" data-widget_type=\"image-gallery.default\">\n\t\t\t\t<div class=\"elementor-widget-container\">\n\t\t\t\t\t<div class=\"elementor-image-gallery\">\n\t\t\t<div id='gallery-1' class='gallery galleryid-2059 gallery-columns-2 gallery-size-medium'><figure class='gallery-item'>\n\t\t\t<div class='gallery-icon landscape'>\n\t\t\t\t<a data-elementor-open-lightbox=\"yes\" data-elementor-lightbox-slideshow=\"dea112c\" data-elementor-lightbox-title=\"SANAT WC Seat 3000D (Highline)\" data-elementor-lightbox-description=\"SANAT WC Seat 3000D (Highline)\" href='https:\/\/sanat-de.com\/wp-content\/uploads\/2023\/10\/SANAT-WC-Seat-3000D-Highline.jpg'><img width=\"300\" height=\"197\" src=\"https:\/\/sanat-de.com\/wp-content\/uploads\/2023\/10\/SANAT-WC-Seat-3000D-Highline-300x197.jpg\" class=\"attachment-medium size-medium\" alt=\"SANAT WC Seat 3000D (Highline)\" decoding=\"async\" loading=\"lazy\" srcset=\"https:\/\/sanat-de.com\/wp-content\/uploads\/2023\/10\/SANAT-WC-Seat-3000D-Highline-300x197.jpg 300w, https:\/\/sanat-de.com\/wp-content\/uploads\/2023\/10\/SANAT-WC-Seat-3000D-Highline-18x12.jpg 18w, https:\/\/sanat-de.com\/wp-content\/uploads\/2023\/10\/SANAT-WC-Seat-3000D-Highline.jpg 640w\" sizes=\"(max-width: 300px) 100vw, 300px\" \/><\/a>\n\t\t\t<\/div><\/figure><figure class='gallery-item'>\n\t\t\t<div class='gallery-icon portrait'>\n\t\t\t\t<a data-elementor-open-lightbox=\"yes\" data-elementor-lightbox-slideshow=\"dea112c\" data-elementor-lightbox-title=\"SANAT WC Seat 3000D (Highline) 1\" data-elementor-lightbox-description=\"SANAT WC Seat 3000D (Highline)\" href='https:\/\/sanat-de.com\/wp-content\/uploads\/2023\/10\/SANAT-WC-Seat-3000D-Highline-1.png'><img width=\"263\" height=\"300\" src=\"https:\/\/sanat-de.com\/wp-content\/uploads\/2023\/10\/SANAT-WC-Seat-3000D-Highline-1-263x300.png\" class=\"attachment-medium size-medium\" alt=\"SANAT WC Seat 3000D (Highline)\" decoding=\"async\" loading=\"lazy\" srcset=\"https:\/\/sanat-de.com\/wp-content\/uploads\/2023\/10\/SANAT-WC-Seat-3000D-Highline-1-263x300.png 263w, https:\/\/sanat-de.com\/wp-content\/uploads\/2023\/10\/SANAT-WC-Seat-3000D-Highline-1-11x12.png 11w, https:\/\/sanat-de.com\/wp-content\/uploads\/2023\/10\/SANAT-WC-Seat-3000D-Highline-1.png 750w\" sizes=\"(max-width: 263px) 100vw, 263px\" \/><\/a>\n\t\t\t<\/div><\/figure>\n\t\t<\/div>\n\t\t<\/div>\n\t\t\t\t<\/div>\n\t\t\t\t<\/div>\n\t\t\t\t\t<\/div>\n\t\t<\/div>\n\t\t\t\t\t\t\t<\/div>\n\t\t<\/section>\n\t\t\t\t\t\t<\/div>\n\t\t\t\t\t<\/div>","protected":false},"excerpt":{"rendered":"<p>NEW PRODUCTS SANAT WC seat 3000D (highline) stainless steel hinges white WC seat 3000 D (highline D)thermosetting plastic WC seat with soft close mechanism, seat integrated in lid, scratch-resistant surface, with bolted stainless steel soft close hinges, seat removable without dismantling hinges, 4-point support, suitable for all standard wall-mounted and floor-standing WCs, also for WCs [&hellip;]<\/p>","protected":false},"author":1,"featured_media":0,"parent":959,"menu_order":0,"comment_status":"closed","ping_status":"closed","template":"","meta":{"om_disable_all_campaigns":false,"_monsterinsights_skip_tracking":false,"_monsterinsights_sitenote_active":false,"_monsterinsights_sitenote_note":"","_monsterinsights_sitenote_category":0,"footnotes":""},"_links":{"self":[{"href":"https:\/\/sanat-de.com\/de\/wp-json\/wp\/v2\/pages\/2059"}],"collection":[{"href":"https:\/\/sanat-de.com\/de\/wp-json\/wp\/v2\/pages"}],"about":[{"href":"https:\/\/sanat-de.com\/de\/wp-json\/wp\/v2\/types\/page"}],"author":[{"embeddable":true,"href":"https:\/\/sanat-de.com\/de\/wp-json\/wp\/v2\/users\/1"}],"replies":[{"embeddable":true,"href":"https:\/\/sanat-de.com\/de\/wp-json\/wp\/v2\/comments?post=2059"}],"version-history":[{"count":8,"href":"https:\/\/sanat-de.com\/de\/wp-json\/wp\/v2\/pages\/2059\/revisions"}],"predecessor-version":[{"id":2173,"href":"https:\/\/sanat-de.com\/de\/wp-json\/wp\/v2\/pages\/2059\/revisions\/2173"}],"up":[{"embeddable":true,"href":"https:\/\/sanat-de.com\/de\/wp-json\/wp\/v2\/pages\/959"}],"wp:attachment":[{"href":"https:\/\/sanat-de.com\/de\/wp-json\/wp\/v2\/media?parent=2059"}],"curies":[{"name":"wp","href":"https:\/\/api.w.org\/{rel}","templated":true}]}}