{"id":487,"date":"2020-09-07T09:01:54","date_gmt":"2020-09-07T09:01:54","guid":{"rendered":"http:\/\/wpdemo.archiwp.com\/maxbizz\/?page_id=487"},"modified":"2023-10-08T08:39:07","modified_gmt":"2023-10-08T08:39:07","slug":"about-us","status":"publish","type":"page","link":"https:\/\/sanat-de.com\/de\/about-us\/","title":{"rendered":"\u00dcber uns"},"content":{"rendered":"<div data-elementor-type=\"wp-page\" data-elementor-id=\"487\" class=\"elementor elementor-487\" data-elementor-settings=\"[]\">\n\t\t\t\t\t\t\t<div class=\"elementor-section-wrap\">\n\t\t\t\t\t\t\t<section class=\"elementor-section elementor-top-section elementor-element elementor-element-e76f400 elementor-section-boxed elementor-section-height-default elementor-section-height-default\" data-id=\"e76f400\" data-element_type=\"section\">\n\t\t\t\t\t\t<div class=\"elementor-container elementor-column-gap-default\">\n\t\t\t\t\t<div class=\"elementor-column elementor-col-100 elementor-top-column elementor-element elementor-element-beac444 ot-flex-column-vertical\" data-id=\"beac444\" data-element_type=\"column\">\n\t\t\t<div class=\"elementor-widget-wrap elementor-element-populated\">\n\t\t\t\t\t\t\t\t<section class=\"elementor-section elementor-inner-section elementor-element elementor-element-9a95313 elementor-section-full_width elementor-section-height-default elementor-section-height-default\" data-id=\"9a95313\" data-element_type=\"section\">\n\t\t\t\t\t\t<div class=\"elementor-container elementor-column-gap-extended\">\n\t\t\t\t\t<div class=\"elementor-column elementor-col-100 elementor-inner-column elementor-element elementor-element-e0f1103 ot-flex-column-vertical\" data-id=\"e0f1103\" data-element_type=\"column\">\n\t\t\t<div class=\"elementor-widget-wrap elementor-element-populated\">\n\t\t\t\t\t\t\t\t<div class=\"elementor-element elementor-element-cb9e4ac elementor-widget elementor-widget-text-editor\" data-id=\"cb9e4ac\" data-element_type=\"widget\" data-widget_type=\"text-editor.default\">\n\t\t\t\t<div class=\"elementor-widget-container\">\n\t\t\t\t\t\t\t\t<p>Wir stellen Ihnen SANAT vor, Ihr erstklassiger Ansprechpartner f\u00fcr alles, was mit Sanit\u00e4rprodukten zu tun hat. Wir sind auf die Zusammenstellung einer breiten Palette hochwertiger Badezimmeraccessoires spezialisiert, die Stil und Funktionalit\u00e4t nahtlos miteinander verbinden. Von eleganten Wasserh\u00e4hnen und modernen Duscharmaturen bis hin zu innovativen Aufbewahrungsl\u00f6sungen und luxuri\u00f6ser Badw\u00e4sche setzen wir uns daf\u00fcr ein, Ihr Badezimmer in eine pers\u00f6nliche Oase des Komforts und der \u00c4sthetik zu verwandeln. Wir bei SANAT wissen, dass die kleinsten Details den gr\u00f6\u00dften Unterschied machen k\u00f6nnen, und wir sind hier, um Ihnen dabei zu helfen, ein Badezimmer zu schaffen, das Ihren einzigartigen Geschmack widerspiegelt und Ihren Alltag bereichert. Entdecken Sie unsere Kollektion und entdecken Sie die perfekten Accessoires, um Ihr Badezimmererlebnis zu verbessern.<\/p><p>F\u00fcr Bestellungen und Anfragen schreiben Sie weiter: <span style=\"text-decoration: underline;\"><strong><a href=\"mailto:info@sanat-de.com\">info@sanat-de.com<\/a><\/strong><\/span><\/p><p>F\u00fcr technische Unterst\u00fctzung schreiben <span style=\"text-decoration: underline;\"><strong><a href=\"mailto:support@sanat-de.com\">support@sanat-de.com<\/a><\/strong><\/span><\/p>\t\t\t\t\t\t<\/div>\n\t\t\t\t<\/div>\n\t\t\t\t\t<\/div>\n\t\t<\/div>\n\t\t\t\t\t\t\t<\/div>\n\t\t<\/section>\n\t\t\t\t\t<\/div>\n\t\t<\/div>\n\t\t\t\t\t\t\t<\/div>\n\t\t<\/section>\n\t\t\t\t\t\t<\/div>\n\t\t\t\t\t<\/div>","protected":false},"excerpt":{"rendered":"<p>Introducing SANAT, your premier destination for all things Sanitary Products. We specialize in curating a wide range of high-quality bathroom accessories that blend style and functionality seamlessly. From elegant faucets and modern shower fixtures to innovative storage solutions and luxurious bath linens, we&#8217;re dedicated to transforming your bathroom into a personal oasis of comfort and [&hellip;]<\/p>","protected":false},"author":1,"featured_media":0,"parent":0,"menu_order":0,"comment_status":"closed","ping_status":"closed","template":"","meta":{"om_disable_all_campaigns":false,"_monsterinsights_skip_tracking":false,"_monsterinsights_sitenote_active":false,"_monsterinsights_sitenote_note":"","_monsterinsights_sitenote_category":0,"footnotes":""},"_links":{"self":[{"href":"https:\/\/sanat-de.com\/de\/wp-json\/wp\/v2\/pages\/487"}],"collection":[{"href":"https:\/\/sanat-de.com\/de\/wp-json\/wp\/v2\/pages"}],"about":[{"href":"https:\/\/sanat-de.com\/de\/wp-json\/wp\/v2\/types\/page"}],"author":[{"embeddable":true,"href":"https:\/\/sanat-de.com\/de\/wp-json\/wp\/v2\/users\/1"}],"replies":[{"embeddable":true,"href":"https:\/\/sanat-de.com\/de\/wp-json\/wp\/v2\/comments?post=487"}],"version-history":[{"count":10,"href":"https:\/\/sanat-de.com\/de\/wp-json\/wp\/v2\/pages\/487\/revisions"}],"predecessor-version":[{"id":2239,"href":"https:\/\/sanat-de.com\/de\/wp-json\/wp\/v2\/pages\/487\/revisions\/2239"}],"wp:attachment":[{"href":"https:\/\/sanat-de.com\/de\/wp-json\/wp\/v2\/media?parent=487"}],"curies":[{"name":"wp","href":"https:\/\/api.w.org\/{rel}","templated":true}]}}