{"id":529,"date":"2020-09-08T04:49:58","date_gmt":"2020-09-08T04:49:58","guid":{"rendered":"http:\/\/wpdemo.archiwp.com\/maxbizz\/?page_id=529"},"modified":"2023-10-07T09:33:12","modified_gmt":"2023-10-07T09:33:12","slug":"sanat-ventilair-air-admittance","status":"publish","type":"page","link":"https:\/\/sanat-de.com\/de\/our-products\/air-admittance-valves\/sanat-ventilair-air-admittance\/","title":{"rendered":"SANAT Ventilair Air Admittance"},"content":{"rendered":"<div data-elementor-type=\"wp-page\" data-elementor-id=\"529\" class=\"elementor elementor-529\" data-elementor-settings=\"[]\">\n\t\t\t\t\t\t\t<div class=\"elementor-section-wrap\">\n\t\t\t\t\t\t\t<section class=\"elementor-section elementor-top-section elementor-element elementor-element-3a940f8 elementor-section-boxed elementor-section-height-default elementor-section-height-default\" data-id=\"3a940f8\" data-element_type=\"section\">\n\t\t\t\t\t\t<div class=\"elementor-container elementor-column-gap-default\">\n\t\t\t\t\t<div class=\"elementor-column elementor-col-100 elementor-top-column elementor-element elementor-element-69e18ca ot-flex-column-vertical\" data-id=\"69e18ca\" data-element_type=\"column\">\n\t\t\t<div class=\"elementor-widget-wrap elementor-element-populated\">\n\t\t\t\t\t\t\t\t<section class=\"elementor-section elementor-inner-section elementor-element elementor-element-b1a8f9c elementor-section-full_width elementor-section-height-default elementor-section-height-default\" data-id=\"b1a8f9c\" data-element_type=\"section\">\n\t\t\t\t\t\t<div class=\"elementor-container elementor-column-gap-default\">\n\t\t\t\t\t<div class=\"elementor-column elementor-col-33 elementor-inner-column elementor-element elementor-element-87a34cb elementor-hidden-phone ot-flex-column-vertical\" data-id=\"87a34cb\" data-element_type=\"column\">\n\t\t\t<div class=\"elementor-widget-wrap\">\n\t\t\t\t\t\t\t\t\t<\/div>\n\t\t<\/div>\n\t\t\t\t<div class=\"elementor-column elementor-col-33 elementor-inner-column elementor-element elementor-element-560616c ot-flex-column-vertical\" data-id=\"560616c\" data-element_type=\"column\">\n\t\t\t<div class=\"elementor-widget-wrap elementor-element-populated\">\n\t\t\t\t\t\t\t\t<div class=\"elementor-element elementor-element-5fd1b31 elementor-widget elementor-widget-iheading\" data-id=\"5fd1b31\" data-element_type=\"widget\" data-widget_type=\"iheading.default\">\n\t\t\t\t<div class=\"elementor-widget-container\">\n\t\t\t\t\t<div class=\"ot-heading\">\r\n\t        <span class=\"is_highlight\">SANAT Air Admittance Valve<\/span>\t        <h3 class=\"main-head\">Ventilair Air Admittance Valve<\/h3>\t    <\/div>\r\n\t    \t\t<\/div>\n\t\t\t\t<\/div>\n\t\t\t\t<div class=\"elementor-element elementor-element-2f99e64 elementor-widget elementor-widget-text-editor\" data-id=\"2f99e64\" data-element_type=\"widget\" data-widget_type=\"text-editor.default\">\n\t\t\t\t<div class=\"elementor-widget-container\">\n\t\t\t\t\t\t\t\tventilair-Bel\u00fcftungsventil passend f\u00fcr DN 70\/90\/100-Ausf\u00fchrung\nSchweiz\ntypgepr\u00fcft und \u00fcberwacht nach DIN EN 12380 durch T\u00dcV Rheinland LGA Products GmbH, Typklasse A I, Volumenstrom 25 l\/s, Temperaturbereich -20\u00b0C bis +60\u00b0C, mit Frostschutzh\u00fclle aus Polystyrol, mit Gummiverbinder f\u00fcr die angegebenen Ma\u00dfe\t\t\t\t\t\t<\/div>\n\t\t\t\t<\/div>\n\t\t\t\t\t<\/div>\n\t\t<\/div>\n\t\t\t\t<div class=\"elementor-column elementor-col-33 elementor-inner-column elementor-element elementor-element-3bc0489 elementor-hidden-phone ot-flex-column-vertical\" data-id=\"3bc0489\" data-element_type=\"column\">\n\t\t\t<div class=\"elementor-widget-wrap\">\n\t\t\t\t\t\t\t\t\t<\/div>\n\t\t<\/div>\n\t\t\t\t\t\t\t<\/div>\n\t\t<\/section>\n\t\t\t\t<div class=\"elementor-element elementor-element-d8ece0c elementor-widget elementor-widget-image-gallery\" data-id=\"d8ece0c\" data-element_type=\"widget\" data-widget_type=\"image-gallery.default\">\n\t\t\t\t<div class=\"elementor-widget-container\">\n\t\t\t\t\t<div class=\"elementor-image-gallery\">\n\t\t\t<div id='gallery-1' class='gallery galleryid-529 gallery-columns-2 gallery-size-medium'><figure class='gallery-item'>\n\t\t\t<div class='gallery-icon landscape'>\n\t\t\t\t<a data-elementor-open-lightbox=\"yes\" data-elementor-lightbox-slideshow=\"d8ece0c\" data-elementor-lightbox-title=\"SANAT Ventilair Air Admittance\" data-elementor-lightbox-description=\"SANAT Ventilair Air Admittance\" href='https:\/\/sanat-de.com\/wp-content\/uploads\/2023\/10\/SANAT-Ventilair-Air-Admittance.jpg'><img width=\"300\" height=\"300\" src=\"https:\/\/sanat-de.com\/wp-content\/uploads\/2023\/10\/SANAT-Ventilair-Air-Admittance-300x300.jpg\" class=\"attachment-medium size-medium\" alt=\"SANAT Ventilair Air Admittance\" decoding=\"async\" loading=\"lazy\" srcset=\"https:\/\/sanat-de.com\/wp-content\/uploads\/2023\/10\/SANAT-Ventilair-Air-Admittance-300x300.jpg 300w, https:\/\/sanat-de.com\/wp-content\/uploads\/2023\/10\/SANAT-Ventilair-Air-Admittance-150x150.jpg 150w, https:\/\/sanat-de.com\/wp-content\/uploads\/2023\/10\/SANAT-Ventilair-Air-Admittance-12x12.jpg 12w, https:\/\/sanat-de.com\/wp-content\/uploads\/2023\/10\/SANAT-Ventilair-Air-Admittance.jpg 480w\" sizes=\"(max-width: 300px) 100vw, 300px\" \/><\/a>\n\t\t\t<\/div><\/figure><figure class='gallery-item'>\n\t\t\t<div class='gallery-icon portrait'>\n\t\t\t\t<a data-elementor-open-lightbox=\"yes\" data-elementor-lightbox-slideshow=\"d8ece0c\" data-elementor-lightbox-title=\"SANAT Ventilair Air Admittance 1\" data-elementor-lightbox-description=\"SANAT Ventilair Air Admittance\" href='https:\/\/sanat-de.com\/wp-content\/uploads\/2023\/10\/SANAT-Ventilair-Air-Admittance-1.png'><img width=\"278\" height=\"300\" src=\"https:\/\/sanat-de.com\/wp-content\/uploads\/2023\/10\/SANAT-Ventilair-Air-Admittance-1-278x300.png\" class=\"attachment-medium size-medium\" alt=\"\" decoding=\"async\" loading=\"lazy\" srcset=\"https:\/\/sanat-de.com\/wp-content\/uploads\/2023\/10\/SANAT-Ventilair-Air-Admittance-1-278x300.png 278w, https:\/\/sanat-de.com\/wp-content\/uploads\/2023\/10\/SANAT-Ventilair-Air-Admittance-1-11x12.png 11w, https:\/\/sanat-de.com\/wp-content\/uploads\/2023\/10\/SANAT-Ventilair-Air-Admittance-1.png 465w\" sizes=\"(max-width: 278px) 100vw, 278px\" \/><\/a>\n\t\t\t<\/div><\/figure>\n\t\t<\/div>\n\t\t<\/div>\n\t\t\t\t<\/div>\n\t\t\t\t<\/div>\n\t\t\t\t\t<\/div>\n\t\t<\/div>\n\t\t\t\t\t\t\t<\/div>\n\t\t<\/section>\n\t\t\t\t\t\t<\/div>\n\t\t\t\t\t<\/div>","protected":false},"excerpt":{"rendered":"<p>SANAT Air Admittance Valve Ventilair Air Admittance Valve ventilair air-admittance valve suitable for DN 70\/90\/100 version Switzerland type-tested and monitored in accordance with DIN EN 12380 by T\u00dcV Rheinland LGA Products GmbH, type class A I, volume flow 25 l\/s, temperature range -20degC to +60degC, with polystyrene frost protection cover, with rubber connector for the [&hellip;]<\/p>","protected":false},"author":1,"featured_media":0,"parent":1002,"menu_order":0,"comment_status":"closed","ping_status":"closed","template":"","meta":{"om_disable_all_campaigns":false,"_monsterinsights_skip_tracking":false,"_monsterinsights_sitenote_active":false,"_monsterinsights_sitenote_note":"","_monsterinsights_sitenote_category":0,"footnotes":""},"_links":{"self":[{"href":"https:\/\/sanat-de.com\/de\/wp-json\/wp\/v2\/pages\/529"}],"collection":[{"href":"https:\/\/sanat-de.com\/de\/wp-json\/wp\/v2\/pages"}],"about":[{"href":"https:\/\/sanat-de.com\/de\/wp-json\/wp\/v2\/types\/page"}],"author":[{"embeddable":true,"href":"https:\/\/sanat-de.com\/de\/wp-json\/wp\/v2\/users\/1"}],"replies":[{"embeddable":true,"href":"https:\/\/sanat-de.com\/de\/wp-json\/wp\/v2\/comments?post=529"}],"version-history":[{"count":14,"href":"https:\/\/sanat-de.com\/de\/wp-json\/wp\/v2\/pages\/529\/revisions"}],"predecessor-version":[{"id":2155,"href":"https:\/\/sanat-de.com\/de\/wp-json\/wp\/v2\/pages\/529\/revisions\/2155"}],"up":[{"embeddable":true,"href":"https:\/\/sanat-de.com\/de\/wp-json\/wp\/v2\/pages\/1002"}],"wp:attachment":[{"href":"https:\/\/sanat-de.com\/de\/wp-json\/wp\/v2\/media?parent=529"}],"curies":[{"name":"wp","href":"https:\/\/api.w.org\/{rel}","templated":true}]}}