{"id":711,"date":"2020-09-10T02:50:23","date_gmt":"2020-09-10T02:50:23","guid":{"rendered":"http:\/\/wpdemo.archiwp.com\/maxbizz\/?page_id=711"},"modified":"2023-10-07T09:58:14","modified_gmt":"2023-10-07T09:58:14","slug":"sanat-liso-sink-white","status":"publish","type":"page","link":"https:\/\/sanat-de.com\/de\/our-products\/sink-range\/sanat-liso-sink-white\/","title":{"rendered":"SANAT Liso Sink White"},"content":{"rendered":"<div data-elementor-type=\"wp-page\" data-elementor-id=\"711\" class=\"elementor elementor-711\" data-elementor-settings=\"[]\">\n\t\t\t\t\t\t\t<div class=\"elementor-section-wrap\">\n\t\t\t\t\t\t\t<section class=\"elementor-section elementor-top-section elementor-element elementor-element-87b23e3 elementor-section-boxed elementor-section-height-default elementor-section-height-default\" data-id=\"87b23e3\" data-element_type=\"section\">\n\t\t\t\t\t\t<div class=\"elementor-container elementor-column-gap-default\">\n\t\t\t\t\t<div class=\"elementor-column elementor-col-100 elementor-top-column elementor-element elementor-element-f1206fb ot-flex-column-vertical\" data-id=\"f1206fb\" data-element_type=\"column\">\n\t\t\t<div class=\"elementor-widget-wrap elementor-element-populated\">\n\t\t\t\t\t\t\t\t<section class=\"elementor-section elementor-inner-section elementor-element elementor-element-7c0c6a1 elementor-section-full_width elementor-section-height-default elementor-section-height-default\" data-id=\"7c0c6a1\" data-element_type=\"section\">\n\t\t\t\t\t\t<div class=\"elementor-container elementor-column-gap-default\">\n\t\t\t\t\t<div class=\"elementor-column elementor-col-33 elementor-inner-column elementor-element elementor-element-f86ccce elementor-hidden-phone ot-flex-column-vertical\" data-id=\"f86ccce\" data-element_type=\"column\">\n\t\t\t<div class=\"elementor-widget-wrap\">\n\t\t\t\t\t\t\t\t\t<\/div>\n\t\t<\/div>\n\t\t\t\t<div class=\"elementor-column elementor-col-33 elementor-inner-column elementor-element elementor-element-9a080e3 ot-flex-column-vertical\" data-id=\"9a080e3\" data-element_type=\"column\">\n\t\t\t<div class=\"elementor-widget-wrap elementor-element-populated\">\n\t\t\t\t\t\t\t\t<div class=\"elementor-element elementor-element-b16267a elementor-widget elementor-widget-iheading\" data-id=\"b16267a\" data-element_type=\"widget\" data-widget_type=\"iheading.default\">\n\t\t\t\t<div class=\"elementor-widget-container\">\n\t\t\t\t\t<div class=\"ot-heading\">\r\n\t        <span class=\"is_highlight\">Sink Range<\/span>\t        <h3 class=\"main-head\">SANAT Liso Sink White<\/h3>\t    <\/div>\r\n\t    \t\t<\/div>\n\t\t\t\t<\/div>\n\t\t\t\t<div class=\"elementor-element elementor-element-734aceb elementor-widget elementor-widget-text-editor\" data-id=\"734aceb\" data-element_type=\"widget\" data-widget_type=\"text-editor.default\">\n\t\t\t\t<div class=\"elementor-widget-container\">\n\t\t\t\t\t\t\t\t<p>Lineo-Waschbecken mit verstecktem \u00dcberlauf und Push-Open-Ventil<br \/>mit Spritzschutz, aus schlagfestem, temperatur- und witterungsbest\u00e4ndigem Kunststoff, 10 Jahre Garantie auf die Bruchfestigkeit, Fassungsverm\u00f6gen ca. 12 l, Markierungen auf der Sp\u00fclenablage f\u00fcr den Einbau von Seifenspender* und Armatur* (*separat zu bestellen), komplett mit verdecktem \u00dcberlauf und Push-Open-Ablaufventil G 1 1\/4, Edelstahlabdeckung, Montageset mit verdeckter Befestigung Halterungen, verpackt im Karton<\/p><p><strong>Farbe:<\/strong> wei\u00df<\/p><p><strong>Innenma\u00dfe des Waschbeckens:<\/strong> B 470 mm x T 290 mm x H 160 mm<\/p>\t\t\t\t\t\t<\/div>\n\t\t\t\t<\/div>\n\t\t\t\t\t<\/div>\n\t\t<\/div>\n\t\t\t\t<div class=\"elementor-column elementor-col-33 elementor-inner-column elementor-element elementor-element-92a130a elementor-hidden-phone ot-flex-column-vertical\" data-id=\"92a130a\" data-element_type=\"column\">\n\t\t\t<div class=\"elementor-widget-wrap\">\n\t\t\t\t\t\t\t\t\t<\/div>\n\t\t<\/div>\n\t\t\t\t\t\t\t<\/div>\n\t\t<\/section>\n\t\t\t\t<div class=\"elementor-element elementor-element-41d55e2 elementor-widget elementor-widget-image-gallery\" data-id=\"41d55e2\" data-element_type=\"widget\" data-widget_type=\"image-gallery.default\">\n\t\t\t\t<div class=\"elementor-widget-container\">\n\t\t\t\t\t<div class=\"elementor-image-gallery\">\n\t\t\t<div id='gallery-1' class='gallery galleryid-711 gallery-columns-2 gallery-size-medium'><figure class='gallery-item'>\n\t\t\t<div class='gallery-icon landscape'>\n\t\t\t\t<a data-elementor-open-lightbox=\"yes\" data-elementor-lightbox-slideshow=\"41d55e2\" data-elementor-lightbox-title=\"SANAT Liso Sink White\" data-elementor-lightbox-description=\"SANAT Liso Sink White\" href='https:\/\/sanat-de.com\/wp-content\/uploads\/2023\/10\/SANAT-Liso-Sink-White.jpg'><img width=\"300\" height=\"300\" src=\"https:\/\/sanat-de.com\/wp-content\/uploads\/2023\/10\/SANAT-Liso-Sink-White-300x300.jpg\" class=\"attachment-medium size-medium\" alt=\"SANAT Liso Sink White\" decoding=\"async\" loading=\"lazy\" srcset=\"https:\/\/sanat-de.com\/wp-content\/uploads\/2023\/10\/SANAT-Liso-Sink-White-300x300.jpg 300w, https:\/\/sanat-de.com\/wp-content\/uploads\/2023\/10\/SANAT-Liso-Sink-White-150x150.jpg 150w, https:\/\/sanat-de.com\/wp-content\/uploads\/2023\/10\/SANAT-Liso-Sink-White-12x12.jpg 12w, https:\/\/sanat-de.com\/wp-content\/uploads\/2023\/10\/SANAT-Liso-Sink-White.jpg 480w\" sizes=\"(max-width: 300px) 100vw, 300px\" \/><\/a>\n\t\t\t<\/div><\/figure><figure class='gallery-item'>\n\t\t\t<div class='gallery-icon landscape'>\n\t\t\t\t<a data-elementor-open-lightbox=\"yes\" data-elementor-lightbox-slideshow=\"41d55e2\" data-elementor-lightbox-title=\"SANAT Liso Sink White 1\" data-elementor-lightbox-description=\"SANAT Liso Sink White 1\" href='https:\/\/sanat-de.com\/wp-content\/uploads\/2023\/10\/SANAT-Liso-Sink-White-1.png'><img width=\"300\" height=\"209\" src=\"https:\/\/sanat-de.com\/wp-content\/uploads\/2023\/10\/SANAT-Liso-Sink-White-1-300x209.png\" class=\"attachment-medium size-medium\" alt=\"SANAT Liso Sink White 1\" decoding=\"async\" loading=\"lazy\" srcset=\"https:\/\/sanat-de.com\/wp-content\/uploads\/2023\/10\/SANAT-Liso-Sink-White-1-300x209.png 300w, https:\/\/sanat-de.com\/wp-content\/uploads\/2023\/10\/SANAT-Liso-Sink-White-1-1024x714.png 1024w, https:\/\/sanat-de.com\/wp-content\/uploads\/2023\/10\/SANAT-Liso-Sink-White-1-768x536.png 768w, https:\/\/sanat-de.com\/wp-content\/uploads\/2023\/10\/SANAT-Liso-Sink-White-1-18x12.png 18w, https:\/\/sanat-de.com\/wp-content\/uploads\/2023\/10\/SANAT-Liso-Sink-White-1.png 1042w\" sizes=\"(max-width: 300px) 100vw, 300px\" \/><\/a>\n\t\t\t<\/div><\/figure>\n\t\t<\/div>\n\t\t<\/div>\n\t\t\t\t<\/div>\n\t\t\t\t<\/div>\n\t\t\t\t\t<\/div>\n\t\t<\/div>\n\t\t\t\t\t\t\t<\/div>\n\t\t<\/section>\n\t\t\t\t\t\t<\/div>\n\t\t\t\t\t<\/div>","protected":false},"excerpt":{"rendered":"<p>Sink Range SANAT Liso Sink White lineo sink with hidden overflow and push open valvewith splashback, made of impact, temperature and weather resistant plastic, 10-year warranty on the breaking strength, capacity approx. 12 l, markings on the sink shelf for installation of soap dispenser* and tap fitting* (*to be ordered separately), complete with hidden overflow [&hellip;]<\/p>","protected":false},"author":1,"featured_media":0,"parent":977,"menu_order":0,"comment_status":"closed","ping_status":"closed","template":"","meta":{"om_disable_all_campaigns":false,"_monsterinsights_skip_tracking":false,"_monsterinsights_sitenote_active":false,"_monsterinsights_sitenote_note":"","_monsterinsights_sitenote_category":0,"footnotes":""},"_links":{"self":[{"href":"https:\/\/sanat-de.com\/de\/wp-json\/wp\/v2\/pages\/711"}],"collection":[{"href":"https:\/\/sanat-de.com\/de\/wp-json\/wp\/v2\/pages"}],"about":[{"href":"https:\/\/sanat-de.com\/de\/wp-json\/wp\/v2\/types\/page"}],"author":[{"embeddable":true,"href":"https:\/\/sanat-de.com\/de\/wp-json\/wp\/v2\/users\/1"}],"replies":[{"embeddable":true,"href":"https:\/\/sanat-de.com\/de\/wp-json\/wp\/v2\/comments?post=711"}],"version-history":[{"count":8,"href":"https:\/\/sanat-de.com\/de\/wp-json\/wp\/v2\/pages\/711\/revisions"}],"predecessor-version":[{"id":2214,"href":"https:\/\/sanat-de.com\/de\/wp-json\/wp\/v2\/pages\/711\/revisions\/2214"}],"up":[{"embeddable":true,"href":"https:\/\/sanat-de.com\/de\/wp-json\/wp\/v2\/pages\/977"}],"wp:attachment":[{"href":"https:\/\/sanat-de.com\/de\/wp-json\/wp\/v2\/media?parent=711"}],"curies":[{"name":"wp","href":"https:\/\/api.w.org\/{rel}","templated":true}]}}