{"id":847,"date":"2020-09-11T07:25:08","date_gmt":"2020-09-11T07:25:08","guid":{"rendered":"http:\/\/wpdemo.archiwp.com\/maxbizz\/?page_id=847"},"modified":"2023-10-07T09:56:31","modified_gmt":"2023-10-07T09:56:31","slug":"sanat-wall-mounted-sink","status":"publish","type":"page","link":"https:\/\/sanat-de.com\/de\/our-products\/sink-range\/sanat-wall-mounted-sink\/","title":{"rendered":"SANAT Wall-mounted Sink"},"content":{"rendered":"<div data-elementor-type=\"wp-page\" data-elementor-id=\"847\" class=\"elementor elementor-847\" data-elementor-settings=\"[]\">\n\t\t\t\t\t\t\t<div class=\"elementor-section-wrap\">\n\t\t\t\t\t\t\t<section class=\"elementor-section elementor-top-section elementor-element elementor-element-bf423a9 elementor-section-boxed elementor-section-height-default elementor-section-height-default\" data-id=\"bf423a9\" data-element_type=\"section\">\n\t\t\t\t\t\t<div class=\"elementor-container elementor-column-gap-default\">\n\t\t\t\t\t<div class=\"elementor-column elementor-col-100 elementor-top-column elementor-element elementor-element-f5002e9 ot-flex-column-vertical\" data-id=\"f5002e9\" data-element_type=\"column\">\n\t\t\t<div class=\"elementor-widget-wrap elementor-element-populated\">\n\t\t\t\t\t\t\t\t<section class=\"elementor-section elementor-inner-section elementor-element elementor-element-c8f4d90 elementor-section-full_width elementor-section-height-default elementor-section-height-default\" data-id=\"c8f4d90\" data-element_type=\"section\">\n\t\t\t\t\t\t<div class=\"elementor-container elementor-column-gap-default\">\n\t\t\t\t\t<div class=\"elementor-column elementor-col-33 elementor-inner-column elementor-element elementor-element-f39f119 elementor-hidden-phone ot-flex-column-vertical\" data-id=\"f39f119\" data-element_type=\"column\">\n\t\t\t<div class=\"elementor-widget-wrap\">\n\t\t\t\t\t\t\t\t\t<\/div>\n\t\t<\/div>\n\t\t\t\t<div class=\"elementor-column elementor-col-33 elementor-inner-column elementor-element elementor-element-d3c123d ot-flex-column-vertical\" data-id=\"d3c123d\" data-element_type=\"column\">\n\t\t\t<div class=\"elementor-widget-wrap elementor-element-populated\">\n\t\t\t\t\t\t\t\t<div class=\"elementor-element elementor-element-fe065db elementor-widget elementor-widget-iheading\" data-id=\"fe065db\" data-element_type=\"widget\" data-widget_type=\"iheading.default\">\n\t\t\t\t<div class=\"elementor-widget-container\">\n\t\t\t\t\t<div class=\"ot-heading\">\r\n\t        <span class=\"is_highlight\">Sink Range<\/span>\t        <h3 class=\"main-head\">SANAT Wall-mounted Sink with overflow White<\/h3>\t    <\/div>\r\n\t    \t\t<\/div>\n\t\t\t\t<\/div>\n\t\t\t\t<div class=\"elementor-element elementor-element-0167065 elementor-widget elementor-widget-text-editor\" data-id=\"0167065\" data-element_type=\"widget\" data-widget_type=\"text-editor.default\">\n\t\t\t\t<div class=\"elementor-widget-container\">\n\t\t\t\t\t\t\t\t<p>Wandwaschbecken mit \u00dcberlauf und Spritzschutz<br \/>aus schlagfestem, temperatur- und witterungsbest\u00e4ndigem Kunststoff, 10 Jahre Garantie gegen Bruch, Fassungsverm\u00f6gen ca. 13,5 l, komplett mit \u00dcberlauf, Ablaufventil G1 1\/2, Sieb, Stopfen mit Kette und Befestigungsset, verpackt im Karton<br \/><br \/><strong>Farbe:<\/strong> wei\u00df<\/p>\t\t\t\t\t\t<\/div>\n\t\t\t\t<\/div>\n\t\t\t\t\t<\/div>\n\t\t<\/div>\n\t\t\t\t<div class=\"elementor-column elementor-col-33 elementor-inner-column elementor-element elementor-element-963000d elementor-hidden-phone ot-flex-column-vertical\" data-id=\"963000d\" data-element_type=\"column\">\n\t\t\t<div class=\"elementor-widget-wrap\">\n\t\t\t\t\t\t\t\t\t<\/div>\n\t\t<\/div>\n\t\t\t\t\t\t\t<\/div>\n\t\t<\/section>\n\t\t\t\t<div class=\"elementor-element elementor-element-97c8398 elementor-widget elementor-widget-image-gallery\" data-id=\"97c8398\" data-element_type=\"widget\" data-widget_type=\"image-gallery.default\">\n\t\t\t\t<div class=\"elementor-widget-container\">\n\t\t\t\t\t<div class=\"elementor-image-gallery\">\n\t\t\t<div id='gallery-1' class='gallery galleryid-847 gallery-columns-2 gallery-size-medium'><figure class='gallery-item'>\n\t\t\t<div class='gallery-icon landscape'>\n\t\t\t\t<a data-elementor-open-lightbox=\"yes\" data-elementor-lightbox-slideshow=\"97c8398\" data-elementor-lightbox-title=\"SANAT Wall-mounted Sink\" href='https:\/\/sanat-de.com\/wp-content\/uploads\/2023\/10\/SANAT-Wall-mounted-Sink.jpg'><img width=\"300\" height=\"300\" src=\"https:\/\/sanat-de.com\/wp-content\/uploads\/2023\/10\/SANAT-Wall-mounted-Sink-300x300.jpg\" class=\"attachment-medium size-medium\" alt=\"SANAT Wall-mounted Sink\" decoding=\"async\" aria-describedby=\"gallery-1-1939\" loading=\"lazy\" srcset=\"https:\/\/sanat-de.com\/wp-content\/uploads\/2023\/10\/SANAT-Wall-mounted-Sink-300x300.jpg 300w, https:\/\/sanat-de.com\/wp-content\/uploads\/2023\/10\/SANAT-Wall-mounted-Sink-150x150.jpg 150w, https:\/\/sanat-de.com\/wp-content\/uploads\/2023\/10\/SANAT-Wall-mounted-Sink-12x12.jpg 12w, https:\/\/sanat-de.com\/wp-content\/uploads\/2023\/10\/SANAT-Wall-mounted-Sink.jpg 480w\" sizes=\"(max-width: 300px) 100vw, 300px\" \/><\/a>\n\t\t\t<\/div>\n\t\t\t\t<figcaption class='wp-caption-text gallery-caption' id='gallery-1-1939'>\n\t\t\t\tSANAT Wall-mounted Sink\n\t\t\t\t<\/figcaption><\/figure><figure class='gallery-item'>\n\t\t\t<div class='gallery-icon landscape'>\n\t\t\t\t<a data-elementor-open-lightbox=\"yes\" data-elementor-lightbox-slideshow=\"97c8398\" data-elementor-lightbox-title=\"SANAT Wall-mounted Sink 1\" data-elementor-lightbox-description=\"SANAT Wall-mounted Sink 1\" href='https:\/\/sanat-de.com\/wp-content\/uploads\/2023\/10\/SANAT-Wall-mounted-Sink-1.png'><img width=\"300\" height=\"185\" src=\"https:\/\/sanat-de.com\/wp-content\/uploads\/2023\/10\/SANAT-Wall-mounted-Sink-1-300x185.png\" class=\"attachment-medium size-medium\" alt=\"SANAT Wall-mounted Sink 1\" decoding=\"async\" aria-describedby=\"gallery-1-1938\" loading=\"lazy\" srcset=\"https:\/\/sanat-de.com\/wp-content\/uploads\/2023\/10\/SANAT-Wall-mounted-Sink-1-300x185.png 300w, https:\/\/sanat-de.com\/wp-content\/uploads\/2023\/10\/SANAT-Wall-mounted-Sink-1-18x12.png 18w, https:\/\/sanat-de.com\/wp-content\/uploads\/2023\/10\/SANAT-Wall-mounted-Sink-1.png 519w\" sizes=\"(max-width: 300px) 100vw, 300px\" \/><\/a>\n\t\t\t<\/div>\n\t\t\t\t<figcaption class='wp-caption-text gallery-caption' id='gallery-1-1938'>\n\t\t\t\tSANAT Wall-mounted Sink 1\n\t\t\t\t<\/figcaption><\/figure>\n\t\t<\/div>\n\t\t<\/div>\n\t\t\t\t<\/div>\n\t\t\t\t<\/div>\n\t\t\t\t\t<\/div>\n\t\t<\/div>\n\t\t\t\t\t\t\t<\/div>\n\t\t<\/section>\n\t\t\t\t\t\t<\/div>\n\t\t\t\t\t<\/div>","protected":false},"excerpt":{"rendered":"<p>Sink Range SANAT Wall-mounted Sink with overflow White Wall-mounted sink with overflow and splashbackmade of impact, temperature and weather resistant plastic, 10-year guarantee against breakage, capacity approx. 13.5 l, complete with overflow, waste valve G1 1\/2, strainer, plug with chain and fastening set, packed in a box Colour: white SANAT Wall-mounted Sink SANAT Wall-mounted Sink [&hellip;]<\/p>","protected":false},"author":1,"featured_media":0,"parent":977,"menu_order":0,"comment_status":"closed","ping_status":"closed","template":"","meta":{"om_disable_all_campaigns":false,"_monsterinsights_skip_tracking":false,"_monsterinsights_sitenote_active":false,"_monsterinsights_sitenote_note":"","_monsterinsights_sitenote_category":0,"footnotes":""},"_links":{"self":[{"href":"https:\/\/sanat-de.com\/de\/wp-json\/wp\/v2\/pages\/847"}],"collection":[{"href":"https:\/\/sanat-de.com\/de\/wp-json\/wp\/v2\/pages"}],"about":[{"href":"https:\/\/sanat-de.com\/de\/wp-json\/wp\/v2\/types\/page"}],"author":[{"embeddable":true,"href":"https:\/\/sanat-de.com\/de\/wp-json\/wp\/v2\/users\/1"}],"replies":[{"embeddable":true,"href":"https:\/\/sanat-de.com\/de\/wp-json\/wp\/v2\/comments?post=847"}],"version-history":[{"count":8,"href":"https:\/\/sanat-de.com\/de\/wp-json\/wp\/v2\/pages\/847\/revisions"}],"predecessor-version":[{"id":2208,"href":"https:\/\/sanat-de.com\/de\/wp-json\/wp\/v2\/pages\/847\/revisions\/2208"}],"up":[{"embeddable":true,"href":"https:\/\/sanat-de.com\/de\/wp-json\/wp\/v2\/pages\/977"}],"wp:attachment":[{"href":"https:\/\/sanat-de.com\/de\/wp-json\/wp\/v2\/media?parent=847"}],"curies":[{"name":"wp","href":"https:\/\/api.w.org\/{rel}","templated":true}]}}