{"id":858,"date":"2020-09-11T07:45:24","date_gmt":"2020-09-11T07:45:24","guid":{"rendered":"http:\/\/wpdemo.archiwp.com\/maxbizz\/?page_id=858"},"modified":"2023-10-07T09:57:36","modified_gmt":"2023-10-07T09:57:36","slug":"sanat-multiset-versatile-sink-white","status":"publish","type":"page","link":"https:\/\/sanat-de.com\/de\/our-products\/sink-range\/sanat-multiset-versatile-sink-white\/","title":{"rendered":"SANAT Multiset Versatile Sink White"},"content":{"rendered":"<div data-elementor-type=\"wp-page\" data-elementor-id=\"858\" class=\"elementor elementor-858\" data-elementor-settings=\"[]\">\n\t\t\t\t\t\t\t<div class=\"elementor-section-wrap\">\n\t\t\t\t\t\t\t<section class=\"elementor-section elementor-top-section elementor-element elementor-element-dd91daf elementor-section-boxed elementor-section-height-default elementor-section-height-default\" data-id=\"dd91daf\" data-element_type=\"section\">\n\t\t\t\t\t\t<div class=\"elementor-container elementor-column-gap-default\">\n\t\t\t\t\t<div class=\"elementor-column elementor-col-100 elementor-top-column elementor-element elementor-element-51913f8 ot-flex-column-vertical\" data-id=\"51913f8\" data-element_type=\"column\">\n\t\t\t<div class=\"elementor-widget-wrap elementor-element-populated\">\n\t\t\t\t\t\t\t\t<section class=\"elementor-section elementor-inner-section elementor-element elementor-element-613ddfd elementor-section-full_width elementor-section-height-default elementor-section-height-default\" data-id=\"613ddfd\" data-element_type=\"section\">\n\t\t\t\t\t\t<div class=\"elementor-container elementor-column-gap-default\">\n\t\t\t\t\t<div class=\"elementor-column elementor-col-33 elementor-inner-column elementor-element elementor-element-e029d1a elementor-hidden-phone ot-flex-column-vertical\" data-id=\"e029d1a\" data-element_type=\"column\">\n\t\t\t<div class=\"elementor-widget-wrap\">\n\t\t\t\t\t\t\t\t\t<\/div>\n\t\t<\/div>\n\t\t\t\t<div class=\"elementor-column elementor-col-33 elementor-inner-column elementor-element elementor-element-563f13a ot-flex-column-vertical\" data-id=\"563f13a\" data-element_type=\"column\">\n\t\t\t<div class=\"elementor-widget-wrap elementor-element-populated\">\n\t\t\t\t\t\t\t\t<div class=\"elementor-element elementor-element-5dc98bd elementor-widget elementor-widget-iheading\" data-id=\"5dc98bd\" data-element_type=\"widget\" data-widget_type=\"iheading.default\">\n\t\t\t\t<div class=\"elementor-widget-container\">\n\t\t\t\t\t<div class=\"ot-heading\">\r\n\t        <span class=\"is_highlight\">Sink Range<\/span>\t        <h3 class=\"main-head\">SANAT Multiset Versatile Sink White<\/h3>\t    <\/div>\r\n\t    \t\t<\/div>\n\t\t\t\t<\/div>\n\t\t\t\t<div class=\"elementor-element elementor-element-1674c63 elementor-widget elementor-widget-text-editor\" data-id=\"1674c63\" data-element_type=\"widget\" data-widget_type=\"text-editor.default\">\n\t\t\t\t<div class=\"elementor-widget-container\">\n\t\t\t\t\t\t\t\t<p>Vielseitiges Multiset-Waschbecken mit \u00dcberlauf und Spritzschutz<br \/>aus schlagfestem, temperatur- und witterungsbest\u00e4ndigem Kunststoff, 10 Jahre Garantie gegen Bruch, Fassungsverm\u00f6gen ca. 12 l, mit Edelstahlstange und Seifenschale, 2 Haken zum Aufh\u00e4ngen an der Stange, 2 integrierte Handtuchhalter (auf beiden Seiten), Sp\u00fclbeckenablage markiert f\u00fcr den Einbau von Seifenspender* und Wasserhahnarmatur* (*separat zu bestellen), komplett mit \u00dcberlauf, Ablaufventil G1 1\/2, Sieb, Stopfen mit Kette und Montageset mit verdeckten Befestigungswinkeln, verpackt im Karton<\/p><p><strong>Farbe:<\/strong> wei\u00df<\/p><p><strong>Innenma\u00dfe der Sp\u00fcle:<\/strong> B 430 mm x T 270 mm x H 160 mm<\/p>\t\t\t\t\t\t<\/div>\n\t\t\t\t<\/div>\n\t\t\t\t\t<\/div>\n\t\t<\/div>\n\t\t\t\t<div class=\"elementor-column elementor-col-33 elementor-inner-column elementor-element elementor-element-75cb747 elementor-hidden-phone ot-flex-column-vertical\" data-id=\"75cb747\" data-element_type=\"column\">\n\t\t\t<div class=\"elementor-widget-wrap\">\n\t\t\t\t\t\t\t\t\t<\/div>\n\t\t<\/div>\n\t\t\t\t\t\t\t<\/div>\n\t\t<\/section>\n\t\t\t\t<div class=\"elementor-element elementor-element-c662ef9 elementor-widget elementor-widget-image-gallery\" data-id=\"c662ef9\" data-element_type=\"widget\" data-widget_type=\"image-gallery.default\">\n\t\t\t\t<div class=\"elementor-widget-container\">\n\t\t\t\t\t<div class=\"elementor-image-gallery\">\n\t\t\t<div id='gallery-1' class='gallery galleryid-858 gallery-columns-2 gallery-size-medium'><figure class='gallery-item'>\n\t\t\t<div class='gallery-icon landscape'>\n\t\t\t\t<a data-elementor-open-lightbox=\"yes\" data-elementor-lightbox-slideshow=\"c662ef9\" data-elementor-lightbox-title=\"SANAT Multiset Versatile Sink White\" data-elementor-lightbox-description=\"SANAT Multiset Versatile Sink White\" href='https:\/\/sanat-de.com\/wp-content\/uploads\/2023\/10\/SANAT-Multiset-Versatile-Sink-White.jpg'><img width=\"300\" height=\"300\" src=\"https:\/\/sanat-de.com\/wp-content\/uploads\/2023\/10\/SANAT-Multiset-Versatile-Sink-White-300x300.jpg\" class=\"attachment-medium size-medium\" alt=\"SANAT Multiset Versatile Sink White\" decoding=\"async\" loading=\"lazy\" srcset=\"https:\/\/sanat-de.com\/wp-content\/uploads\/2023\/10\/SANAT-Multiset-Versatile-Sink-White-300x300.jpg 300w, https:\/\/sanat-de.com\/wp-content\/uploads\/2023\/10\/SANAT-Multiset-Versatile-Sink-White-150x150.jpg 150w, https:\/\/sanat-de.com\/wp-content\/uploads\/2023\/10\/SANAT-Multiset-Versatile-Sink-White-12x12.jpg 12w, https:\/\/sanat-de.com\/wp-content\/uploads\/2023\/10\/SANAT-Multiset-Versatile-Sink-White.jpg 480w\" sizes=\"(max-width: 300px) 100vw, 300px\" \/><\/a>\n\t\t\t<\/div><\/figure><figure class='gallery-item'>\n\t\t\t<div class='gallery-icon landscape'>\n\t\t\t\t<a data-elementor-open-lightbox=\"yes\" data-elementor-lightbox-slideshow=\"c662ef9\" data-elementor-lightbox-title=\"SANAT Multiset Versatile Sink White 1\" data-elementor-lightbox-description=\"SANAT Multiset Versatile Sink White 1\" href='https:\/\/sanat-de.com\/wp-content\/uploads\/2023\/10\/SANAT-Multiset-Versatile-Sink-White-1.png'><img width=\"300\" height=\"171\" src=\"https:\/\/sanat-de.com\/wp-content\/uploads\/2023\/10\/SANAT-Multiset-Versatile-Sink-White-1-300x171.png\" class=\"attachment-medium size-medium\" alt=\"SANAT Multiset Versatile Sink White 1\" decoding=\"async\" loading=\"lazy\" srcset=\"https:\/\/sanat-de.com\/wp-content\/uploads\/2023\/10\/SANAT-Multiset-Versatile-Sink-White-1-300x171.png 300w, https:\/\/sanat-de.com\/wp-content\/uploads\/2023\/10\/SANAT-Multiset-Versatile-Sink-White-1-18x10.png 18w, https:\/\/sanat-de.com\/wp-content\/uploads\/2023\/10\/SANAT-Multiset-Versatile-Sink-White-1.png 560w\" sizes=\"(max-width: 300px) 100vw, 300px\" \/><\/a>\n\t\t\t<\/div><\/figure>\n\t\t<\/div>\n\t\t<\/div>\n\t\t\t\t<\/div>\n\t\t\t\t<\/div>\n\t\t\t\t\t<\/div>\n\t\t<\/div>\n\t\t\t\t\t\t\t<\/div>\n\t\t<\/section>\n\t\t\t\t\t\t<\/div>\n\t\t\t\t\t<\/div>","protected":false},"excerpt":{"rendered":"<p>Sink Range SANAT Multiset Versatile Sink White Multiset versatile sink with overflow and splashbackmade of impact, temperature and weather resistant plastic, 10-year guarantee against breakage, capacity approx. 12 l, with stainless steel rail and soap dish, 2 hooks for suspending from the rail, 2 integrated towel holders (on either side), sink shelf marked for installation [&hellip;]<\/p>","protected":false},"author":1,"featured_media":0,"parent":977,"menu_order":0,"comment_status":"closed","ping_status":"closed","template":"","meta":{"om_disable_all_campaigns":false,"_monsterinsights_skip_tracking":false,"_monsterinsights_sitenote_active":false,"_monsterinsights_sitenote_note":"","_monsterinsights_sitenote_category":0,"footnotes":""},"_links":{"self":[{"href":"https:\/\/sanat-de.com\/de\/wp-json\/wp\/v2\/pages\/858"}],"collection":[{"href":"https:\/\/sanat-de.com\/de\/wp-json\/wp\/v2\/pages"}],"about":[{"href":"https:\/\/sanat-de.com\/de\/wp-json\/wp\/v2\/types\/page"}],"author":[{"embeddable":true,"href":"https:\/\/sanat-de.com\/de\/wp-json\/wp\/v2\/users\/1"}],"replies":[{"embeddable":true,"href":"https:\/\/sanat-de.com\/de\/wp-json\/wp\/v2\/comments?post=858"}],"version-history":[{"count":11,"href":"https:\/\/sanat-de.com\/de\/wp-json\/wp\/v2\/pages\/858\/revisions"}],"predecessor-version":[{"id":2211,"href":"https:\/\/sanat-de.com\/de\/wp-json\/wp\/v2\/pages\/858\/revisions\/2211"}],"up":[{"embeddable":true,"href":"https:\/\/sanat-de.com\/de\/wp-json\/wp\/v2\/pages\/977"}],"wp:attachment":[{"href":"https:\/\/sanat-de.com\/de\/wp-json\/wp\/v2\/media?parent=858"}],"curies":[{"name":"wp","href":"https:\/\/api.w.org\/{rel}","templated":true}]}}