{"id":999,"date":"2020-09-22T02:54:11","date_gmt":"2020-09-22T02:54:11","guid":{"rendered":"http:\/\/wpdemo.archiwp.com\/maxbizz\/?page_id=999"},"modified":"2023-10-07T10:02:41","modified_gmt":"2023-10-07T10:02:41","slug":"sanat-shower-seat","status":"publish","type":"page","link":"https:\/\/sanat-de.com\/de\/our-products\/bathroom-accessories\/sanat-shower-seat\/","title":{"rendered":"SANAT Shower Seat"},"content":{"rendered":"<div data-elementor-type=\"wp-page\" data-elementor-id=\"999\" class=\"elementor elementor-999\" data-elementor-settings=\"[]\">\n\t\t\t\t\t\t\t<div class=\"elementor-section-wrap\">\n\t\t\t\t\t\t\t<section class=\"elementor-section elementor-top-section elementor-element elementor-element-c555b31 elementor-section-boxed elementor-section-height-default elementor-section-height-default\" data-id=\"c555b31\" data-element_type=\"section\">\n\t\t\t\t\t\t<div class=\"elementor-container elementor-column-gap-default\">\n\t\t\t\t\t<div class=\"elementor-column elementor-col-100 elementor-top-column elementor-element elementor-element-2e05186 ot-flex-column-vertical\" data-id=\"2e05186\" data-element_type=\"column\">\n\t\t\t<div class=\"elementor-widget-wrap elementor-element-populated\">\n\t\t\t\t\t\t\t\t<section class=\"elementor-section elementor-inner-section elementor-element elementor-element-14fd15f elementor-section-full_width elementor-section-height-default elementor-section-height-default\" data-id=\"14fd15f\" data-element_type=\"section\">\n\t\t\t\t\t\t<div class=\"elementor-container elementor-column-gap-default\">\n\t\t\t\t\t<div class=\"elementor-column elementor-col-33 elementor-inner-column elementor-element elementor-element-b6f7951 elementor-hidden-phone ot-flex-column-vertical\" data-id=\"b6f7951\" data-element_type=\"column\">\n\t\t\t<div class=\"elementor-widget-wrap\">\n\t\t\t\t\t\t\t\t\t<\/div>\n\t\t<\/div>\n\t\t\t\t<div class=\"elementor-column elementor-col-33 elementor-inner-column elementor-element elementor-element-8f559e5 ot-flex-column-vertical\" data-id=\"8f559e5\" data-element_type=\"column\">\n\t\t\t<div class=\"elementor-widget-wrap elementor-element-populated\">\n\t\t\t\t\t\t\t\t<div class=\"elementor-element elementor-element-3cf0c20 elementor-widget elementor-widget-iheading\" data-id=\"3cf0c20\" data-element_type=\"widget\" data-widget_type=\"iheading.default\">\n\t\t\t\t<div class=\"elementor-widget-container\">\n\t\t\t\t\t<div class=\"ot-heading\">\r\n\t        <span class=\"is_highlight\">Bathroom Accessories<\/span>\t        <h3 class=\"main-head\">SANAT Shower seat lifestyle white<\/h3>\t    <\/div>\r\n\t    \t\t<\/div>\n\t\t\t\t<\/div>\n\t\t\t\t<div class=\"elementor-element elementor-element-f69f248 elementor-widget elementor-widget-text-editor\" data-id=\"f69f248\" data-element_type=\"widget\" data-widget_type=\"text-editor.default\">\n\t\t\t\t<div class=\"elementor-widget-container\">\n\t\t\t\t\t\t\t\t<p><strong>Lifestyle-Duschsitz<\/strong><br \/>Sitzgelegenheit f\u00fcr den Einsatz in Duschen, B\u00e4dern und Wellnessbereichen\nStabile Thermoplast-Sitzfl\u00e4che, angenehm warm im Griff, 10 Jahre Garantie gegen Bruch, angenehmer Sitzkomfort durch gro\u00dfe, ergonomisch geformte Sitzfl\u00e4che (370 x 260 mm), einfache H\u00f6henverstellung um bis zu 50 mm, ger\u00e4uschloser Betrieb mit weiche Sitzabsenkung, leicht zu reinigen durch glatte, porenfreie Oberfl\u00e4chen, antibakteriell, verdeckte 4-Punkt-Befestigung, Bohrschablone, Montageplatte und Befestigungen aus Edelstahl, Bruchlast &gt; 250 kg, im Karton verpackt\nFarbe: Alpinwei\u00df\n\nGewicht: 4,99 kg<br \/>solid thermoplastic seat, comfortably warm to the touch, 10-year guarantee against breakage, comfortable to sit on due to the large, ergonomically shaped seat area (370 x 260 mm), height easy to adjust by up to 50 mm, silent operation with soft seat lowering mechanism, easy to clean due to its smooth, pore-free surfaces, antibacterial, concealed 4-point fastening, drilling template, assembly plate and fastenings from stainless steel, breaking load &gt; 250 kg, packed in a box<br \/><strong>Farbe:<\/strong> Alpinwei\u00df<br \/><br \/><strong>Weight:<\/strong> 4.99 kg<\/p>\t\t\t\t\t\t<\/div>\n\t\t\t\t<\/div>\n\t\t\t\t\t<\/div>\n\t\t<\/div>\n\t\t\t\t<div class=\"elementor-column elementor-col-33 elementor-inner-column elementor-element elementor-element-4fea310 elementor-hidden-phone ot-flex-column-vertical\" data-id=\"4fea310\" data-element_type=\"column\">\n\t\t\t<div class=\"elementor-widget-wrap\">\n\t\t\t\t\t\t\t\t\t<\/div>\n\t\t<\/div>\n\t\t\t\t\t\t\t<\/div>\n\t\t<\/section>\n\t\t\t\t<div class=\"elementor-element elementor-element-fcdae83 elementor-widget elementor-widget-image-gallery\" data-id=\"fcdae83\" data-element_type=\"widget\" data-widget_type=\"image-gallery.default\">\n\t\t\t\t<div class=\"elementor-widget-container\">\n\t\t\t\t\t<div class=\"elementor-image-gallery\">\n\t\t\t<div id='gallery-1' class='gallery galleryid-999 gallery-columns-2 gallery-size-medium'><figure class='gallery-item'>\n\t\t\t<div class='gallery-icon portrait'>\n\t\t\t\t<a data-elementor-open-lightbox=\"yes\" data-elementor-lightbox-slideshow=\"fcdae83\" data-elementor-lightbox-title=\"SANAT Shower Seat\" data-elementor-lightbox-description=\"SANAT Shower Seat \" href='https:\/\/sanat-de.com\/wp-content\/uploads\/2023\/10\/SANAT-Shower-Seat.png'><img width=\"294\" height=\"300\" src=\"https:\/\/sanat-de.com\/wp-content\/uploads\/2023\/10\/SANAT-Shower-Seat-294x300.png\" class=\"attachment-medium size-medium\" alt=\"SANAT Shower Seat\" decoding=\"async\" loading=\"lazy\" srcset=\"https:\/\/sanat-de.com\/wp-content\/uploads\/2023\/10\/SANAT-Shower-Seat-294x300.png 294w, https:\/\/sanat-de.com\/wp-content\/uploads\/2023\/10\/SANAT-Shower-Seat-12x12.png 12w, https:\/\/sanat-de.com\/wp-content\/uploads\/2023\/10\/SANAT-Shower-Seat.png 583w\" sizes=\"(max-width: 294px) 100vw, 294px\" \/><\/a>\n\t\t\t<\/div><\/figure><figure class='gallery-item'>\n\t\t\t<div class='gallery-icon landscape'>\n\t\t\t\t<a data-elementor-open-lightbox=\"yes\" data-elementor-lightbox-slideshow=\"fcdae83\" data-elementor-lightbox-title=\"SANAT Shower Seat 1\" data-elementor-lightbox-description=\"SANAT Shower Seat \" href='https:\/\/sanat-de.com\/wp-content\/uploads\/2023\/10\/SANAT-Shower-Seat-1.png'><img width=\"300\" height=\"262\" src=\"https:\/\/sanat-de.com\/wp-content\/uploads\/2023\/10\/SANAT-Shower-Seat-1-300x262.png\" class=\"attachment-medium size-medium\" alt=\"SANAT Shower Seat\" decoding=\"async\" loading=\"lazy\" srcset=\"https:\/\/sanat-de.com\/wp-content\/uploads\/2023\/10\/SANAT-Shower-Seat-1-300x262.png 300w, https:\/\/sanat-de.com\/wp-content\/uploads\/2023\/10\/SANAT-Shower-Seat-1-14x12.png 14w, https:\/\/sanat-de.com\/wp-content\/uploads\/2023\/10\/SANAT-Shower-Seat-1.png 533w\" sizes=\"(max-width: 300px) 100vw, 300px\" \/><\/a>\n\t\t\t<\/div><\/figure>\n\t\t<\/div>\n\t\t<\/div>\n\t\t\t\t<\/div>\n\t\t\t\t<\/div>\n\t\t\t\t\t<\/div>\n\t\t<\/div>\n\t\t\t\t\t\t\t<\/div>\n\t\t<\/section>\n\t\t\t\t\t\t<\/div>\n\t\t\t\t\t<\/div>","protected":false},"excerpt":{"rendered":"<p>Bathroom Accessories SANAT Shower seat lifestyle white Lifestyle Shower Seat seat for use in showers, baths and wellness areas solid thermoplastic seat, comfortably warm to the touch, 10-year guarantee against breakage, comfortable to sit on due to the large, ergonomically shaped seat area (370 x 260 mm), height easy to adjust by up to 50 [&hellip;]<\/p>","protected":false},"author":1,"featured_media":0,"parent":868,"menu_order":0,"comment_status":"closed","ping_status":"closed","template":"","meta":{"om_disable_all_campaigns":false,"_monsterinsights_skip_tracking":false,"_monsterinsights_sitenote_active":false,"_monsterinsights_sitenote_note":"","_monsterinsights_sitenote_category":0,"footnotes":""},"_links":{"self":[{"href":"https:\/\/sanat-de.com\/de\/wp-json\/wp\/v2\/pages\/999"}],"collection":[{"href":"https:\/\/sanat-de.com\/de\/wp-json\/wp\/v2\/pages"}],"about":[{"href":"https:\/\/sanat-de.com\/de\/wp-json\/wp\/v2\/types\/page"}],"author":[{"embeddable":true,"href":"https:\/\/sanat-de.com\/de\/wp-json\/wp\/v2\/users\/1"}],"replies":[{"embeddable":true,"href":"https:\/\/sanat-de.com\/de\/wp-json\/wp\/v2\/comments?post=999"}],"version-history":[{"count":9,"href":"https:\/\/sanat-de.com\/de\/wp-json\/wp\/v2\/pages\/999\/revisions"}],"predecessor-version":[{"id":2220,"href":"https:\/\/sanat-de.com\/de\/wp-json\/wp\/v2\/pages\/999\/revisions\/2220"}],"up":[{"embeddable":true,"href":"https:\/\/sanat-de.com\/de\/wp-json\/wp\/v2\/pages\/868"}],"wp:attachment":[{"href":"https:\/\/sanat-de.com\/de\/wp-json\/wp\/v2\/media?parent=999"}],"curies":[{"name":"wp","href":"https:\/\/api.w.org\/{rel}","templated":true}]}}